{"id":78,"date":"2015-09-27T15:57:04","date_gmt":"2015-09-27T14:57:04","guid":{"rendered":"http:\/\/stud-du-sud.com\/wordpress\/?page_id=78"},"modified":"2018-04-21T10:28:53","modified_gmt":"2018-04-21T09:28:53","slug":"le-studio","status":"publish","type":"page","link":"http:\/\/stud-du-sud.com\/wordpress\/?page_id=78","title":{"rendered":"Le Studio"},"content":{"rendered":"<h2>Le Studio<\/h2>\n<p><a href=\"https:\/\/www.facebook.com\/studdusud\" target=\"_blank\" rel=\"noopener noreferrer\">Le Studio<\/a> comprend plusieurs parties distinctes :<\/p>\n<p><a href=\"http:\/\/stud-du-sud.com\/wordpress\/?page_id=32\">Les Salles de prises <\/a><\/p>\n<p>L\u00e0 o\u00f9 les musiciens enregistrent ( sp\u00e9cialement le batteur ), con\u00e7ues pour \u00ab\u00a0sonner\u00a0\u00bb d&rsquo;une mani\u00e8re particuli\u00e8re. Le c\u00e2blage -\u00e9lectrique ou audio-, les dimensions, le choix des mat\u00e9riaux, les accessoires -y compris la climatisation et la VMC double flux- ont \u00e9t\u00e9 choisis pour donner un maximum de confort aux Artistes&#8230;<\/p>\n<p><a href=\"http:\/\/stud-du-sud.com\/wordpress\/?page_id=35\">La R\u00e9gie<\/a><\/p>\n<p>L\u00e0 o\u00f9 op\u00e8re l&rsquo;ing\u00e9 son ( monitoring au moment des prises, puis le mixage ). Dessin\u00e9e pour avoir une acoustique \u00ab\u00a0neutre au possible\u00a0\u00bb, mais aussi pouvoir accueillir tout un groupe et leur \u00e9ventuel Producteur lors des \u00e9coutes finales de l&rsquo;EP ou de l&rsquo;Album, cette R\u00e9gie poss\u00e8de aussi du Mat\u00e9riel haut de gamme&#8230;<\/p>\n<p><a href=\"http:\/\/stud-du-sud.com\/wordpress\/?page_id=38\">Le Mat\u00e9riel de Studio<\/a><\/p>\n<p>Les appareil permettant d&rsquo;enregistrer et de mixer. Ces P\u00e9riph\u00e9riques ( Pr\u00e9amplis, Equaliseurs, Compresseurs, R\u00e9verbs, D\u00e9lays et autres ), et autres Micros de diff\u00e9rentes technologies sont ici list\u00e9s. Cette liste est suceptible d&rsquo;\u00e9voluer ( \u00e0 la hausse ), donc n&rsquo;h\u00e9sitez pas \u00e0 repasser r\u00e9guli\u00e8rement&#8230;<\/p>\n<p><a href=\"http:\/\/stud-du-sud.com\/wordpress\/?page_id=55\">Le Backline<\/a><\/p>\n<p>Les instruments de musique disponibles au Studio&#8230; pour enregistrer vos titres. Cela va de la collection de caisses claires, en passant par des instruments ( guitares, basses, synth\u00e9s ), jusqu&rsquo;aux sets de cymbales et autres accordeurs haut de gamme&#8230;<\/p>\n<p><img loading=\"lazy\" decoding=\"async\" class=\"alignnone wp-image-1365 size-full\" title=\"Le Studio\" src=\"http:\/\/stud-du-sud.com\/wordpress\/wp-content\/uploads\/2018\/03\/DSC_8037-1-e1521225007340.jpg\" alt=\"\" width=\"3288\" height=\"2184\" \/><\/p>\n","protected":false},"excerpt":{"rendered":"<p>Le Studio Le Studio comprend plusieurs parties distinctes : Les Salles de prises L\u00e0 o\u00f9 les musiciens enregistrent ( sp\u00e9cialement le batteur ), con\u00e7ues pour \u00ab\u00a0sonner\u00a0\u00bb d&rsquo;une mani\u00e8re particuli\u00e8re. Le c\u00e2blage -\u00e9lectrique ou audio-, les dimensions, le choix des mat\u00e9riaux, les accessoires -y compris la climatisation et la VMC double flux- ont \u00e9t\u00e9 choisis pour [&hellip;]<\/p>\n","protected":false},"author":1,"featured_media":0,"parent":7,"menu_order":0,"comment_status":"closed","ping_status":"closed","template":"","meta":{"footnotes":""},"class_list":["post-78","page","type-page","status-publish","hentry"],"_links":{"self":[{"href":"http:\/\/stud-du-sud.com\/wordpress\/index.php?rest_route=\/wp\/v2\/pages\/78","targetHints":{"allow":["GET"]}}],"collection":[{"href":"http:\/\/stud-du-sud.com\/wordpress\/index.php?rest_route=\/wp\/v2\/pages"}],"about":[{"href":"http:\/\/stud-du-sud.com\/wordpress\/index.php?rest_route=\/wp\/v2\/types\/page"}],"author":[{"embeddable":true,"href":"http:\/\/stud-du-sud.com\/wordpress\/index.php?rest_route=\/wp\/v2\/users\/1"}],"replies":[{"embeddable":true,"href":"http:\/\/stud-du-sud.com\/wordpress\/index.php?rest_route=%2Fwp%2Fv2%2Fcomments&post=78"}],"version-history":[{"count":13,"href":"http:\/\/stud-du-sud.com\/wordpress\/index.php?rest_route=\/wp\/v2\/pages\/78\/revisions"}],"predecessor-version":[{"id":1435,"href":"http:\/\/stud-du-sud.com\/wordpress\/index.php?rest_route=\/wp\/v2\/pages\/78\/revisions\/1435"}],"up":[{"embeddable":true,"href":"http:\/\/stud-du-sud.com\/wordpress\/index.php?rest_route=\/wp\/v2\/pages\/7"}],"wp:attachment":[{"href":"http:\/\/stud-du-sud.com\/wordpress\/index.php?rest_route=%2Fwp%2Fv2%2Fmedia&parent=78"}],"curies":[{"name":"wp","href":"https:\/\/api.w.org\/{rel}","templated":true}]}}