{"id":55,"date":"2015-09-27T15:04:33","date_gmt":"2015-09-27T14:04:33","guid":{"rendered":"http:\/\/stud-du-sud.com\/wordpress\/?page_id=55"},"modified":"2026-02-16T14:51:59","modified_gmt":"2026-02-16T13:51:59","slug":"le-studio-le-backline","status":"publish","type":"page","link":"http:\/\/stud-du-sud.com\/wordpress\/?page_id=55","title":{"rendered":"Le Backline"},"content":{"rendered":"<h2>Le Backline<\/h2>\n<p>Il est primordial que les musiciens aient le meilleur son possible d\u00e8s l&rsquo;enregistrement.<\/p>\n<p>Nous avons, dans cette optique, un backline cons\u00e9quent et de qualit\u00e9 :<\/p>\n<p><strong>Guitares &amp; Basses :<\/strong><\/p>\n<ul>\n<li><a href=\"http:\/\/fr.audiofanzine.com\/fender\/serie-american-standard-stratocaster\/avis\/\" target=\"_blank\" rel=\"noopener\">Guitare Fender Stratocaster US standard<\/a> ( mod\u00e8le de 1997 )<\/li>\n<li><a href=\"http:\/\/fr.audiofanzine.com\/guitare-tc\/fender\/american-vintage-52-telecaster-1998-2012\/\" target=\"_blank\" rel=\"noopener\">Guitare Fender Telecaster American Vintage 52<\/a> ( mod\u00e8le de 1998 )<\/li>\n<li><a href=\"https:\/\/fr.audiofanzine.com\/gibson\/les-paul-studio\/avis\/\" target=\"_blank\" rel=\"noopener\">Guitare Les Paul Studio<\/a><\/li>\n<li><a href=\"https:\/\/fr.audiofanzine.com\/guitare-sc\/ryan-guitars\/stratocaster-3-micros\/\" target=\"_blank\" rel=\"noopener\">Guitare Ryan Strato Japan 70<\/a> Custom by <a href=\"https:\/\/guitarsetup.fr\/\" target=\"_blank\" rel=\"noopener\">Atelier Guitar Setup<\/a><\/li>\n<li>Guitare Fender Esquire Custom by <a href=\"https:\/\/guitarsetup.fr\/\" target=\"_blank\" rel=\"noopener\">Atelier Guitar Setup<\/a><\/li>\n<li><a href=\"https:\/\/fr.audiofanzine.com\/guitare-acoustique-folk-jumbo\/epiphone\/elitist-j-45\/\">Guitare acoustique Epiphone Elitist J45<\/a><\/li>\n<li><a href=\"http:\/\/fr.audiofanzine.com\/guitare-folk-western-electro-acoustique\/takamine\/ts97c\/avis\/r.56686.html\" target=\"_blank\" rel=\"noopener\">Guitare acoustique Takamine Jasmine EAN10C<\/a> ( mod\u00e8le de 1995 )<\/li>\n<li><a href=\"https:\/\/fr.audiofanzine.com\/guitare-folk-divers\/yamaha\/FG-340\/avis\/\">Guitare acoustique Yamaha FG340 ( mod\u00e8le de 1973 )<\/a><\/li>\n<li>Guitare acoustique J45 Gary Levinson<\/li>\n<li>Guitare acoustique J200 Sigma<\/li>\n<li><a href=\"http:\/\/fr.audiofanzine.com\/fender\/classic-jazz-bass\/avis\/\" target=\"_blank\" rel=\"noopener\">Basse Fender JazzBass Classic 70 Mexicaine<\/a><\/li>\n<li>Basse Shortscale japonaise 70 sans marque<\/li>\n<li><a href=\"https:\/\/fr.audiofanzine.com\/basse-electrique-frettee\/fender\/standard-precision-bass-2009-current\/avis\/\" target=\"_blank\" rel=\"noopener\">Basse Fender Precision Standard Mexicaine<\/a><\/li>\n<\/ul>\n<p>Pas mal d&rsquo;autres mod\u00e8les sont disponibles \u00e0 la demande ( sans co\u00fbt suppl\u00e9mentaire par rapport au reste du Backline ) dont plusieurs Les Paul ( Standard, Custom Shop, Junior, &#8230; ), SG, Ibanez ( jazz ), Martin D35, Yamaha acoustique 12 cordes, &#8230;.<\/p>\n<p><strong>Amplis Guitares &amp; Basses :<\/strong><\/p>\n<ul>\n<li><a href=\"http:\/\/fr.audiofanzine.com\/ampli-combo-tout-lampe-pour-guitare\/fender\/twin-reverb-silverface\/avis\/\" target=\"_blank\" rel=\"noopener\">Ampli Combo Guitare Fender Twin Reverb Vintage<\/a> ( de 1973 avec HP JBL Rouges ) 100 Watts<\/li>\n<li><a href=\"http:\/\/fr.audiofanzine.com\/ampli-combo-tout-lampe-pour-guitare\/fender\/Super-60\/avis\/\" target=\"_blank\" rel=\"noopener\">Ampli Combo Guitare Fender Super 60<\/a> ( \u00e9galement tout lampes ) 60 Watts<\/li>\n<li><a href=\"http:\/\/fr.audiofanzine.com\/marshall\/jtm30\/\" target=\"_blank\" rel=\"noopener\">Ampli Combo Guitare Marshall JTM30<\/a> ( toujours tout lampes ) 30 Watts<\/li>\n<li><a href=\"https:\/\/fr.audiofanzine.com\/tete-ampli-basse\/fender\/bassman-100-70s-vintage\/avis\/\">Ampli T\u00eate Fender Bassman 100<\/a><\/li>\n<li><a href=\"https:\/\/fr.audiofanzine.com\/tete-d-ampli-guitare-tout-lampe\/marshall\/tsl100\/avis\/\">Ampli T\u00eate Marshall JCM 2000 TSL 100<\/a> ( tout lampes ) 100 Watts<\/li>\n<li><a href=\"http:\/\/fr.audiofanzine.com\/tete-d-ampli-guitare-tout-lampe\/fender\/pro-tube-super-sonic-60-head\/avis\/\">Ampli T\u00eate Fender Super Sonic<\/a> ( tout lampes ) 60 Watts<\/li>\n<li>Deux baffles <a href=\"https:\/\/fr.audiofanzine.com\/baffle-guitare-2x12\/marshall\/1922\/avis\/\" target=\"_blank\" rel=\"noopener\">2 * 12 Marshall 1922<\/a><\/li>\n<li>Un baffle <a href=\"https:\/\/fr.audiofanzine.com\/baffle-guitare-4x12\/soldano\/4x12-Standard-Straight\/avis\/\" target=\"_blank\" rel=\"noopener\" data-wplink-edit=\"true\">4 * 12 Soldano Standard Straight<\/a><\/li>\n<li><a href=\"http:\/\/fr.audiofanzine.com\/combo-basse\/hughes-kettner\/bassbase-250\/\" target=\"_blank\" rel=\"noopener\">Ampli Combo Basse Hugues and Kettner BassBase 250<\/a> ( tout lampes ) 250 Watts<\/li>\n<li><a href=\"http:\/\/fr.audiofanzine.com\/combo-basse\/trace-elliot\/Commando-15\/avis\/r.128942.html\" target=\"_blank\" rel=\"noopener\" data-wplink-edit=\"true\">Ampli Combo Basse Trace Elliot Commando 15<\/a><\/li>\n<li>T\u00eate Ampeg SVT Vintage et son baffle Ampeg 8 * 10\u00a0\u00bb Vintage<\/li>\n<li>T\u00eate Ashdown Evo III 500<\/li>\n<li><a href=\"https:\/\/fr.audiofanzine.com\/ampli-combo-tout-lampe-pour-guitare\/bogner\/Shiva-Combo-1X12\/\" target=\"_blank\" rel=\"noopener\">Ampli Combo Bogner Shiva<\/a><\/li>\n<li>T\u00eate Fender Bassman 100 Blackface ( 60&rsquo;s ) et son 4 * 12 Vintage<\/li>\n<li>Baffle Laney 1 * 15\u00a0\u00bb<\/li>\n<li>Baffle Ashdown 4 * 10\u00a0\u00bb<\/li>\n<\/ul>\n<p><strong>P\u00e9dales et effets :<\/strong><\/p>\n<ul>\n<li>P\u00e9dale <a href=\"http:\/\/fr.audiofanzine.com\/distorsion-guitare\/fulltone\/ocd-mkiv\/avis\/\" target=\"_blank\" rel=\"noopener\">Fulltone OCD<\/a><\/li>\n<li>P\u00e9dale <a href=\"http:\/\/fr.audiofanzine.com\/eq-guitare\/fulltone\/Fat-Boost\/avis\/\" target=\"_blank\" rel=\"noopener\">Fulltone FatBoost<\/a><\/li>\n<li>P\u00e9dale <a href=\"http:\/\/fr.audiofanzine.com\/distorsion-guitare\/tech-21\/comptortion\/avis\/\">Tech21 Comptorsion<\/a><\/li>\n<li>P\u00e9dale <a href=\"http:\/\/fr.audiofanzine.com\/simulateur-d-amplis-guitare-en-pedale\/tech-21\/sansamp-classic\/avis\/\" target=\"_blank\" rel=\"noopener\">Tech21 SamsAmp Original<\/a><\/li>\n<li>P\u00e9dale <a href=\"http:\/\/fr.audiofanzine.com\/distorsion-guitare\/boss\/od-2\/avis\/\" target=\"_blank\" rel=\"noopener\">Boss OverDrive Distorsion OS-2<\/a><\/li>\n<li>P\u00e9dale <a href=\"http:\/\/fr.audiofanzine.com\/accessoire-guitare-divers\/palmer\/daccapo\/avis\/\" target=\"_blank\" rel=\"noopener\">Palmer D&rsquo;Accapo<\/a> ( p\u00e9dale de r\u00e9amping )<\/li>\n<li>P\u00e9dalier &#8211; Rack <a href=\"http:\/\/fr.audiofanzine.com\/multieffet-guitare-electrique\/mxr\/m180-omni-multi-effects-unit\/avis\/\" target=\"_blank\" rel=\"noopener\">MXR M180<\/a> ( Best Of des p\u00e9dales MXR vintages&#8230; )<\/li>\n<li>Accordeur <a href=\"http:\/\/fr.audiofanzine.com\/accordeur\/korg\/DTR-2000\/avis\/\" target=\"_blank\" rel=\"noopener\">Korg DTR 2000<\/a> format Rack<\/li>\n<li>Accordeur <a href=\"http:\/\/fr.audiofanzine.com\/accordeur\/peterson\/StroboRack-VS-R\/medias\/\" target=\"_blank\" rel=\"noopener\">Peterson StroboRack<\/a> format Rack<\/li>\n<li>Accordeurs Korg <a href=\"http:\/\/fr.audiofanzine.com\/korg\/series-pitchblack\/avis\/\" target=\"_blank\" rel=\"noopener\">Pitchblack<\/a> et <a href=\"http:\/\/fr.audiofanzine.com\/korg\/series-pitchblack-plus\/avis\/\" target=\"_blank\" rel=\"noopener\">Pitchblack Plus<\/a>, toutes deux au format P\u00e9dale<\/li>\n<\/ul>\n<p><img loading=\"lazy\" decoding=\"async\" class=\"aligncenter wp-image-1180 size-large\" src=\"http:\/\/stud-du-sud.com\/wordpress\/wp-content\/uploads\/2016\/02\/IMG_20160219_131826-1024x1024.jpg\" alt=\"IMG_20160219_131826\" width=\"630\" height=\"630\" srcset=\"http:\/\/stud-du-sud.com\/wordpress\/wp-content\/uploads\/2016\/02\/IMG_20160219_131826-1024x1024.jpg 1024w, http:\/\/stud-du-sud.com\/wordpress\/wp-content\/uploads\/2016\/02\/IMG_20160219_131826-150x150.jpg 150w, http:\/\/stud-du-sud.com\/wordpress\/wp-content\/uploads\/2016\/02\/IMG_20160219_131826-300x300.jpg 300w, http:\/\/stud-du-sud.com\/wordpress\/wp-content\/uploads\/2016\/02\/IMG_20160219_131826-768x768.jpg 768w, http:\/\/stud-du-sud.com\/wordpress\/wp-content\/uploads\/2016\/02\/IMG_20160219_131826.jpg 1678w\" sizes=\"auto, (max-width: 630px) 100vw, 630px\" \/><\/p>\n<p><strong>Synth\u00e9s et Expandeurs :<\/strong><\/p>\n<ul>\n<li>Expandeur <a href=\"http:\/\/fr.audiofanzine.com\/rack-numerique\/roland\/JV-2080\/avis\/\" target=\"_blank\" rel=\"noopener\">Roland JV-2080 ( \u00e9quip\u00e9 de 3 cartes d&rsquo;extension )<\/a><\/li>\n<li>Expandeur Alesis SQR<\/li>\n<li>Synth\u00e9tiseur <a href=\"http:\/\/fr.audiofanzine.com\/synthe-numerique\/roland\/JD-800\/avis\/\" target=\"_blank\" rel=\"noopener\">Roland JD800<\/a><\/li>\n<li>Synth\u00e9tiseur <a href=\"http:\/\/fr.audiofanzine.com\/piano-numerique\/kurzweil\/PC88\/avis\/\" target=\"_blank\" rel=\"noopener\">Kurzweill PC88<\/a><\/li>\n<li>Expandeur <a href=\"http:\/\/fr.audiofanzine.com\/module-de-sons-pour-batterie-electronique\/alesis\/DM-Pro\/avis\/\" target=\"_blank\" rel=\"noopener\">Alesis DM Pro<\/a> + DM5 ( sons batteries, Boite \u00e0 rythme, &#8230; )<\/li>\n<li>Multi Pad <a href=\"http:\/\/fr.audiofanzine.com\/multipad\/roland\/spd-s\/avis\/\" target=\"_blank\" rel=\"noopener\">Roland SPDS<\/a><\/li>\n<li>Synth\u00e9tiseur <a href=\"http:\/\/fr.audiofanzine.com\/synthe-numerique\/yamaha\/W7\/avis\/\" target=\"_blank\" rel=\"noopener\">Yamaha W7<\/a> FM<\/li>\n<li>Synth\u00e9tiseur <a href=\"http:\/\/fr.audiofanzine.com\/piano-numerique\/roland\/EP-77\/avis\/\" target=\"_blank\" rel=\"noopener\">Roland EP-77<\/a> ( Piano Num\u00e9rique )<\/li>\n<li>Clavier <a href=\"https:\/\/fr.audiofanzine.com\/piano-numerique\/korg\/sv-1-73\/avis\/\" target=\"_blank\" rel=\"noopener\">Korg SV-1 73<\/a><\/li>\n<\/ul>\n<p><strong>Batteries :<\/strong><\/p>\n<p>1: LUDWIG MAPLE 1968 (KEYSTONE BADGE) :<br \/>\n&#8211; G.C. 22\u2019\u2019 x 14\u00a0\u00bb<br \/>\n&#8211; T.T. 12\u2019\u2019 x 8\u00a0\u00bb<br \/>\n&#8211; T.T. 13\u2019\u2019 x 9\u00a0\u00bb<br \/>\n&#8211; T.B. 16\u2019\u2019 x 16\u00a0\u00bb<\/p>\n<p>2 : LUDWIG MAPLE \u00ab CHROME OVER WOOD \u00bb 1980 (BLUE \/ OLIVE BADGE) :<br \/>\n&#8211; G.C. 24\u2019\u2019 x 14\u00a0\u00bb<br \/>\n&#8211; T.T. 10\u2019\u2019 x 7\u00a0\u00bb<br \/>\n&#8211; T.T. 12\u2019\u2019 x 8\u00a0\u00bb<br \/>\n&#8211; T.T.13\u2019\u2019 x 9\u00a0\u00bb<br \/>\n&#8211; T.T 14\u00a0\u00bb x 10\u00a0\u00bb<br \/>\n&#8211; T.B. 16\u2019\u2019 x 16\u00a0\u00bb<br \/>\n&#8211; T.B.18\u2019\u2019 x 16\u00a0\u00bb<\/p>\n<p>3 : D.W. COLLECTOR SERIES MAPLE :<br \/>\n&#8211; G.C.22\u2019\u2019 x 18<br \/>\n&#8211; T.T.10\u2019\u2019 x 8\u00a0\u00bb<br \/>\n&#8211; T.T.12\u2019\u2019 x 9\u00a0\u00bb<br \/>\n&#8211; T.B. 14\u2019\u2019 x 11\u00a0\u00bb<br \/>\n&#8211; T.B. 16\u2019\u2019 x 14\u00a0\u00bb<\/p>\n<p>4 : PETER\u2019S (COPIE GRETSCH) VINTAGE 1960 :<br \/>\n&#8211; G.C . 20\u2019\u2019 x 14\u00a0\u00bb<br \/>\n&#8211; T.T. 13\u2019\u2019 x 9\u00a0\u00bb<br \/>\n&#8211; T.B. 16\u2019\u2019 x 16\u00a0\u00bb<\/p>\n<p>5 : PEARL MMX \/ BRX :<br \/>\n&#8211; G.C 22\u2019 x 16\u2019\u2019 MMX<br \/>\n&#8211; G.C 20\u2019\u2019 x 16\u00a0\u00bb BRX<br \/>\n&#8211; T.T. 10\u2019\u2019 x 8\u00a0\u00bb<br \/>\n&#8211; T.T. 12\u2019\u2019 x 8\u00a0\u00bb<br \/>\n&#8211; T.T. 13\u2019\u2019 x 9\u00a0\u00bb<br \/>\n&#8211; T.B. 14\u2019\u2019 x 14\u00a0\u00bb<br \/>\n&#8211; T.B. 16\u2019\u2019 x 16\u00a0\u00bb<\/p>\n<p>6 : ROGERS 1970 :<br \/>\n&#8211; G.C. 22\u2019\u2019 x 14\u00a0\u00bb<br \/>\n&#8211; T.T. 12\u2019\u2019 x 8\u00a0\u00bb<br \/>\n&#8211; T.T. 13\u2019\u2019 x 9\u00a0\u00bb<br \/>\n&#8211; T.B. 16\u2019\u2019 x 16\u00a0\u00bb<\/p>\n<p><strong>Caisses clairs :<\/strong><\/p>\n<p>1 : LUDWIG LM400 -14\u00a0\u00bb x 5\u00a0\u00bb-<br \/>\n2 : LUDWIG CLASSIC-MAPLE -14\u00a0\u00bb x 6,5\u00a0\u00bb-<br \/>\n3 : WORLDMAX BLACK -14\u00a0\u00bb x 5\u00a0\u00bb-<br \/>\n4 : PEARL MASTER STUDIO -14\u00a0\u00bb x 5,5\u00a0\u00bb-<br \/>\n5 : LUDWIG BLACK BEAUTY -14\u00a0\u00bb x 5,5\u00a0\u00bb-<br \/>\n6 : SLINGERLAND RED SPARKLE MAPLE -14\u00a0\u00bb x 5\u00a0\u00bb-<br \/>\n7 : GRETSCH BROOKLYN -14\u00a0\u00bb x 5\u00a0\u00bb-<br \/>\n8 : LUDWIG LM 402 -14\u00a0\u00bb x 6,5\u00a0\u00bb-<br \/>\n9 : GRETSCH ROUND BADGE MAPLE (60&rsquo;S) -14\u00a0\u00bb x 5\u00a0\u00bb-<br \/>\n10 : DW COLLECTOR MAPLE -14\u00a0\u00bb x 5\u00a0\u00bb-<br \/>\n11: HOLLYWOOD MEAZZI -14\u00a0\u00bb x 5\u00a0\u00bb-<br \/>\n12 : LEEDY BROADWAY DUAL (1940!) -14\u00a0\u00bb x 6,5\u00a0\u00bb-<br \/>\n13 : NO NAME WOOD (BLANCHE BANDES BLEUES) -14\u00a0\u00bb x 6,5\u00a0\u00bb-<br \/>\n14 : LUDWIG ACROLITE 1968 -14\u00a0\u00bb x 5\u00a0\u00bb-<br \/>\n15 : LUDWIG ACROLITE BLACK -14\u00a0\u00bb x 6,5\u00a0\u00bb-<br \/>\n16 : YAMAHA MUSACHI -14\u00a0\u00bb x 5\u00a0\u00bb-<br \/>\n17 : SONOR SIGNATURE BUBINGA -14\u00a0\u00bb x 8\u00a0\u00bb-<br \/>\n18 : LUDWIG COLISEUM -14\u00a0\u00bb x 8\u00a0\u00bb-<br \/>\n19 : YAMAHA PICCOLO (WOODSHELL) -12\u00a0\u00bb x 5\u00a0\u00bb-<br \/>\n20 : SONOR JUNGLE -10\u00a0\u00bb x 2\u00a0\u00bb-<br \/>\n21 : LUDWIG TOM BASSE TRANSFORME EN CC -15\u00a0\u00bb x 16\u00a0\u00bb-<\/p>\n<p><strong>Cymbales :<\/strong><\/p>\n<p>Zildjian, Paiste, Ufip, Tosco, &#8230;<\/p>\n<p><strong>Percus :<\/strong><\/p>\n<p>Tambourins, Cloches, Shakers, Compact Bongo LP, etc, &#8230;.<\/p>\n<p><img loading=\"lazy\" decoding=\"async\" class=\"alignnone wp-image-1353 size-full\" title=\"Batterie DW Low r\u00e9solution\" src=\"http:\/\/stud-du-sud.com\/wordpress\/wp-content\/uploads\/2018\/03\/Assemblage-1.bmp\" alt=\"\" width=\"960\" height=\"840\" srcset=\"http:\/\/stud-du-sud.com\/wordpress\/wp-content\/uploads\/2018\/03\/Assemblage-1.bmp 960w, http:\/\/stud-du-sud.com\/wordpress\/wp-content\/uploads\/2018\/03\/Assemblage-1-300x263.bmp 300w, http:\/\/stud-du-sud.com\/wordpress\/wp-content\/uploads\/2018\/03\/Assemblage-1-768x672.bmp 768w\" sizes=\"auto, (max-width: 960px) 100vw, 960px\" \/><\/p>\n","protected":false},"excerpt":{"rendered":"<p>Le Backline Il est primordial que les musiciens aient le meilleur son possible d\u00e8s l&rsquo;enregistrement. Nous avons, dans cette optique, un backline cons\u00e9quent et de qualit\u00e9 : Guitares &amp; Basses : Guitare Fender Stratocaster US standard ( mod\u00e8le de 1997 ) Guitare Fender Telecaster American Vintage 52 ( mod\u00e8le de 1998 ) Guitare Les Paul [&hellip;]<\/p>\n","protected":false},"author":1,"featured_media":0,"parent":78,"menu_order":4,"comment_status":"closed","ping_status":"closed","template":"","meta":{"footnotes":""},"class_list":["post-55","page","type-page","status-publish","hentry"],"_links":{"self":[{"href":"http:\/\/stud-du-sud.com\/wordpress\/index.php?rest_route=\/wp\/v2\/pages\/55","targetHints":{"allow":["GET"]}}],"collection":[{"href":"http:\/\/stud-du-sud.com\/wordpress\/index.php?rest_route=\/wp\/v2\/pages"}],"about":[{"href":"http:\/\/stud-du-sud.com\/wordpress\/index.php?rest_route=\/wp\/v2\/types\/page"}],"author":[{"embeddable":true,"href":"http:\/\/stud-du-sud.com\/wordpress\/index.php?rest_route=\/wp\/v2\/users\/1"}],"replies":[{"embeddable":true,"href":"http:\/\/stud-du-sud.com\/wordpress\/index.php?rest_route=%2Fwp%2Fv2%2Fcomments&post=55"}],"version-history":[{"count":62,"href":"http:\/\/stud-du-sud.com\/wordpress\/index.php?rest_route=\/wp\/v2\/pages\/55\/revisions"}],"predecessor-version":[{"id":1844,"href":"http:\/\/stud-du-sud.com\/wordpress\/index.php?rest_route=\/wp\/v2\/pages\/55\/revisions\/1844"}],"up":[{"embeddable":true,"href":"http:\/\/stud-du-sud.com\/wordpress\/index.php?rest_route=\/wp\/v2\/pages\/78"}],"wp:attachment":[{"href":"http:\/\/stud-du-sud.com\/wordpress\/index.php?rest_route=%2Fwp%2Fv2%2Fmedia&parent=55"}],"curies":[{"name":"wp","href":"https:\/\/api.w.org\/{rel}","templated":true}]}}