{"id":38,"date":"2015-09-27T14:58:26","date_gmt":"2015-09-27T13:58:26","guid":{"rendered":"http:\/\/stud-du-sud.com\/wordpress\/?page_id=38"},"modified":"2026-02-16T14:42:35","modified_gmt":"2026-02-16T13:42:35","slug":"le-studio-le-materiel","status":"publish","type":"page","link":"http:\/\/stud-du-sud.com\/wordpress\/?page_id=38","title":{"rendered":"Le Mat\u00e9riel de studio"},"content":{"rendered":"<h2>C\u0153ur du Syst\u00e8me :<\/h2>\n<ul>\n<li>1 <a href=\"https:\/\/fr.audiofanzine.com\/console-analogique\/ssl\/4000-g\/avis\/\" target=\"_blank\" rel=\"noopener\">Console analogique SSL 4000 G+<\/a> ( de 1998 ) japonaise, 48 tranches, 48 Eq Black, 48 compresseurs monos et un compresseur de buss St\u00e9r\u00e9o. Avec une Automation Tangerine pour les 56 Faders ( 8 faders de VCA en section centrale, en plus des 48 faders de chaque channel&#8230;) branch\u00e9e directement dans Protools.<\/li>\n<li>1 <a href=\"http:\/\/fr.audiofanzine.com\/can-cna\/soundscape\/ibox-64-madi-ta\/avis\/\" target=\"_blank\" rel=\"noopener\">Convertisseur SSL Alphalink MADI<\/a> <em>et<\/em> <strong>3<\/strong> <a href=\"http:\/\/fr.audiofanzine.com\/can-cna\/soundscape\/IO896\/avis\/\" target=\"_blank\" rel=\"noopener\">Convertisseurs Apogee \/ Soundscape IO896<\/a> pour un total de 64 entr\u00e9es et 64 sorties.<\/li>\n<li>1 <a href=\"http:\/\/fr.audiofanzine.com\/carte-son-dsp\/ssl\/mx4\/avis\/\" target=\"_blank\" rel=\"noopener\">Carte SSL MX4 MADI<\/a> permettant de g\u00e9rer 128 entr\u00e9es ou sorties.<\/li>\n<li>1 PC \/ i7 Ivy Bridge \/ 32 Go de RAM \/ HD SSD syst\u00e8me W7 \/ 2 HD audio USB3.<\/li>\n<li>Plugins : Pack Universal Audio Sparks, Plugin Alliance, SoundToys, Fabfilter, <span class=\"x193iq5w xeuugli x13faqbe x1vvkbs x1xmvt09 x1lliihq x1s928wv xhkezso x1gmr53x x1cpjm7i x1fgarty x1943h6x xudqn12 x3x7a5m x6prxxf xvq8zen xo1l8bm xzsf02u\" dir=\"auto\">Kazrog<\/span>, &#8230;<\/li>\n<li>1 Protools Studio 2026 ( Mises \u00e0 jour r\u00e9guli\u00e8res ).<\/li>\n<li>1 Console num\u00e9rique <a href=\"https:\/\/fr.audiofanzine.com\/console-numerique\/soundcraft\/si-impact\/avis\/\" target=\"_blank\" rel=\"noopener\">Soundcraft Si Impact<\/a> g\u00e9rant les retours musiciens via sa carte MADI ( chaque musicien a une tablette disponible pour g\u00e9rer son propre retour via le logiciel Soundcraft )&#8230; 6 retours st\u00e9r\u00e9os et 8 retours monos.<\/li>\n<\/ul>\n<h2>Ecoutes :<\/h2>\n<ul>\n<li>1 Paire d&rsquo;enceintes <a href=\"https:\/\/fr.audiofanzine.com\/enceinte-active\/prosodia\/bora\/\">Prosodia Bora<\/a> avec son caisson <a href=\"https:\/\/fr.audiofanzine.com\/caisson-de-basse-pour-le-monitoring\/prosodia\/sirocco\/\">Prosodia Sirocco<\/a> et un filtre <a href=\"https:\/\/fr.audiofanzine.com\/filtre-actif\/bss-audio\/soundweb-9088\/\">BSS Soundweb 9088<\/a><\/li>\n<li>1 Paire d&rsquo;enceintes <a href=\"https:\/\/fr.audiofanzine.com\/enceinte-passive\/yamaha\/NS10M-STUDIO\/avis\/\" target=\"_blank\" rel=\"noopener\">Yamaha NS10<\/a><\/li>\n<li>1 Paire d&rsquo;enceintes <a href=\"http:\/\/fr.audiofanzine.com\/enceinte-active\/mackie\/hr824\/avis\/\" target=\"_blank\" rel=\"noopener\">Mackie HR824 made in USA<\/a><\/li>\n<li>1 Paire d&rsquo;enceintes <a href=\"http:\/\/fr.audiofanzine.com\/enceinte-active\/krk\/V4-serie-2\/avis\/\" target=\"_blank\" rel=\"noopener\">KRK V4 II made in USA<\/a><\/li>\n<li>8 tablettes IPad pour que les musiciens modifient leur propre mix casque&#8230;<\/li>\n<li>10 Casques <a href=\"http:\/\/fr.audiofanzine.com\/casque-studio\/sennheiser\/hd-200\/avis\/\" target=\"_blank\" rel=\"noopener\">Sennheiser HD200<\/a><\/li>\n<li>2 casques Beyerdynamic <a href=\"https:\/\/fr.audiofanzine.com\/casque-studio\/beyerdynamic\/dt-770-pro-80\/\">DT770pro<\/a><\/li>\n<li>5 casques AudioTechnica <a href=\"https:\/\/fr.audiofanzine.com\/casque-studio\/audio-technica\/ath-m50x\/\">ATHMX50x<\/a><\/li>\n<li>1 casque Focal Lensys Pro<\/li>\n<li>2 Distributeurs de casques <a href=\"https:\/\/fr.audiofanzine.com\/ampli-casque\/presonus\/HP60\/avis\/\">Presonus HP60<\/a><\/li>\n<li>3 Distributeurs de casques <a href=\"https:\/\/fr.audiofanzine.com\/ampli-casque\/marantz-professional\/marantz-pha3-portable-stereo-headphone-amplifier\/avis\/r.208333.html\">Marantz Pro PHA3<\/a><\/li>\n<li>1 Distributeur de casques <a href=\"http:\/\/fr.audiofanzine.com\/ampli-casque\/samson-technologies\/s-phone\/avis\/\" target=\"_blank\" rel=\"noopener\">Samson S-Phone<\/a><\/li>\n<li>2 Distributeurs de casques <a href=\"http:\/\/fr.audiofanzine.com\/ampli-casque\/behringer\/powerplay-pro-8-ha8000\/avis\/\" target=\"_blank\" rel=\"noopener\">Berhinger HA8000<\/a><\/li>\n<\/ul>\n<h2>Outboard :<\/h2>\n<ul>\n<li>1 Pr\u00e9ampli &#8211; Equaliseur st\u00e9r\u00e9o <a href=\"http:\/\/auroraaudio.net\/\" target=\"_blank\" rel=\"noopener\">Aurora Audio<\/a> <a href=\"http:\/\/auroraaudio.net\/products\/outboard\/gtq2-about\" target=\"_blank\" rel=\"noopener\">GTQ2<\/a><\/li>\n<li>1 Pr\u00e9ampli &#8211; Equaliseur st\u00e9r\u00e9o <a href=\"https:\/\/fr.audiofanzine.com\/tranche-de-console\/midas\/xl42\/avis\/\">Midas XL42<\/a><\/li>\n<li>5 Pr\u00e9amplis SoundSkulptor MP573 V2 Format 500<\/li>\n<li>1 Tranche Neve VR ( pr\u00e9ampli, Eq, Comp et Gate ) en rack<\/li>\n<li>1 Table <a href=\"http:\/\/www.mitec-music.de\/prod_perf_e.html\" target=\"_blank\" rel=\"noopener\">Mitec Performer<\/a> ( 32 pr\u00e9amplis &#8211; \u00e9qualiseurs )<\/li>\n<li>2 Equaliseurs passifs Pultec EQP1A ( clones <a href=\"http:\/\/proreplicas.com\/pultec_eqp-1a.html\" target=\"_blank\" rel=\"noopener\">ProReplicas<\/a> ) \u00e0 technologie \u00ab\u00a0lampes\u00a0\u00bb<\/li>\n<li>1 Equaliseur passif st\u00e9r\u00e9o \u00e0 commande mono de type Pultec IGS Rubber One LA<\/li>\n<li>1 Equaliseur passif st\u00e9r\u00e9o de type Pultec General Audio Research<\/li>\n<li>2 Equaliseurs Maag Audio EQ4 format 500<\/li>\n<li>2 Tranches <a href=\"http:\/\/fr.audiofanzine.com\/tranche-de-console\/joemeek\/VC1Qcs-Studio-Channel\/avis\/\" target=\"_blank\" rel=\"noopener\">Joemeek vintages VC1Qcs<\/a> ( 2 pr\u00e9amplis &#8211; \u00e9qualiseurs &#8211; compresseurs &#8211; d\u00e9hesseurs &#8211; saturations )<\/li>\n<li>1 Compresseur mono Retro 176 ( Technologie VariMu )<\/li>\n<li>1 Compresseur mono <a href=\"http:\/\/www.uaudio.com\/hardware\/compressors\/1176ln.html\" target=\"_blank\" rel=\"noopener\">Universal Audio 1176<\/a> ( technologie \u00e0 FET )<\/li>\n<li>2 Compresseur mono <a href=\"https:\/\/fr.audiofanzine.com\/compresseur-de-studio\/proreplicas\/urei-1176-rev-a\/\">ProReplicas 1176 Rev A<\/a> ( technologie \u00e0 FET )<\/li>\n<li>2 compresseurs monos et customis\u00e9s <a href=\"https:\/\/fr.audiofanzine.com\/compresseur-de-studio\/klark-teknik\/76-kt\/avis\/\">Klark Teknik 76-KT<\/a><\/li>\n<li>1 Compresseur mono <a href=\"http:\/\/www.uaudio.com\/hardware\/compressors\/la-2a.html\" target=\"_blank\" rel=\"noopener\">Teletronix LA2A ( 1964 )<\/a> ( technologie opto et lampes )<\/li>\n<li>1 Compresseur mono <a href=\"http:\/\/www.summitaudio.com\/tla100.html\" target=\"_blank\" rel=\"noopener\">Summit Audio TLA100a<\/a> ( premi\u00e8re version, technologie FET et lampes )<\/li>\n<li>1 Compresseur st\u00e9r\u00e9o <a href=\"http:\/\/www.ams-neve.com\/products\/outboard\/33609-stereo-compressor\" target=\"_blank\" rel=\"noopener\">AMS Neve 33609J<\/a> ( technologie pont de Diodes )<\/li>\n<li>4 Compresseurs monos <a href=\"https:\/\/fr.audiofanzine.com\/compresseur-de-studio\/golden-age-project\/comp-3a\/\">Golden Age Project COMP 3A<\/a> \u00e0 technologie cellule photo \u00e9lectrique et Transfos ( customis\u00e9s )<\/li>\n<li>2 Compresseurs st\u00e9r\u00e9os <a href=\"http:\/\/www.audiotouch.fr\/produits.html\" target=\"_blank\" rel=\"noopener\">AudioTouch C-BUSS<\/a> ( \u00e0 commandes num\u00e9riques ) technologie VCA<\/li>\n<li>2 Compresseur mono <a href=\"https:\/\/fr.audiofanzine.com\/compresseur-de-studio\/igs-audio\/one-la-500\/avis\/\" target=\"_blank\" rel=\"noopener\">IGS ONE 500<\/a> ( technologie Opto et lampes )<\/li>\n<li>3 d\u00e9-hesseurs <a href=\"https:\/\/fr.audiofanzine.com\/autre-processeur-de-dynamique\/dbx\/902\/avis\/\">DBX 902<\/a><strong><br \/>\n<\/strong><\/li>\n<li>2 compresseurs monos Empirical Labs <a href=\"https:\/\/fr.audiofanzine.com\/compresseur-de-studio\/empirical-labs\/distressor-mono-el8\/avis\/\">Distressor EL8<\/a><\/li>\n<li>1 Reverb deux moteurs st\u00e9r\u00e9os <a href=\"https:\/\/fr.audiofanzine.com\/reverb\/lexicon\/480L\/avis\/\" target=\"_blank\" rel=\"noopener\">LEXICON 480L<\/a><\/li>\n<li>1 Reverb deux moteurs st\u00e9r\u00e9os <a href=\"https:\/\/fr.audiofanzine.com\/reverb\/lexicon\/224XL\/avis\/\">LEXICON 224X<\/a><\/li>\n<li>1 Reverb st\u00e9r\u00e9o <a href=\"http:\/\/fr.audiofanzine.com\/multieffet\/lexicon\/pcm-80\/avis\/\" target=\"_blank\" rel=\"noopener\">Lexicon PCM 80<\/a><\/li>\n<li>2 Reverb st\u00e9r\u00e9o <a href=\"https:\/\/fr.audiofanzine.com\/reverb\/lexicon\/PCM-70\/avis\/\" target=\"_blank\" rel=\"noopener\">Lexicon PCM 70<\/a><\/li>\n<li>2 Reverb st\u00e9r\u00e9o Lexicon PCM60<\/li>\n<li>1 Multi-effet Lexicon MPX-500<\/li>\n<li>1 Reverb st\u00e9r\u00e9o <a href=\"http:\/\/fr.audiofanzine.com\/multieffet\/lexicon\/LXP-15\/avis\/\" target=\"_blank\" rel=\"noopener\">Lexicon LXP15<\/a><\/li>\n<li>1 Reverb <a href=\"http:\/\/fr.audiofanzine.com\/multieffet\/yamaha\/SPX90\/avis\/\" target=\"_blank\" rel=\"noopener\">Yamaha SPX90<\/a><\/li>\n<li>1 Reverb Yamaha <a href=\"https:\/\/fr.audiofanzine.com\/reverb\/yamaha\/REV5\/avis\/\" target=\"_blank\" rel=\"noopener\">REV5<\/a><\/li>\n<li>1 Reverb <a href=\"http:\/\/fr.audiofanzine.com\/multieffet\/yamaha\/SPX900\/avis\/\" target=\"_blank\" rel=\"noopener\">Yamaha SPX900<\/a><\/li>\n<li>1 Delay <a href=\"https:\/\/fr.audiofanzine.com\/delay-guitare\/line-6\/Echo-Pro\/avis\/\">Line 6 Echo Pro<\/a><\/li>\n<li>4 Delays monos <a href=\"http:\/\/fr.audiofanzine.com\/delay\/yamaha\/d1500\/avis\/\" target=\"_blank\" rel=\"noopener\">Yamaha D1500<\/a><\/li>\n<li>1 Multi-Effets <a href=\"http:\/\/fr.audiofanzine.com\/multieffet\/tc-electronic\/M300\/avis\/\" target=\"_blank\" rel=\"noopener\">TC Electronic M300<\/a><\/li>\n<\/ul>\n<h2>Micros :<\/h2>\n<ul>\n<li>3 micros <a href=\"http:\/\/fr.audiofanzine.com\/microphone-dynamique\/audix\/D6\/avis\/\" target=\"_blank\" rel=\"noopener\">Audix D6<\/a><\/li>\n<li>1 micros <a href=\"http:\/\/fr.audiofanzine.com\/microphone-dynamique\/audix\/D4\/avis\/\" target=\"_blank\" rel=\"noopener\">Audix D4<\/a><\/li>\n<li>2 micros <a href=\"http:\/\/fr.audiofanzine.com\/microphone-dynamique\/audix\/D2\/avis\/\" target=\"_blank\" rel=\"noopener\">Audix D2<\/a><\/li>\n<li>1 micro <a href=\"http:\/\/fr.audiofanzine.com\/microphone-dynamique\/audix\/D1\/avis\/\" target=\"_blank\" rel=\"noopener\">Audix D1<\/a><\/li>\n<li>1 micros <a href=\"http:\/\/fr.audiofanzine.com\/audix\/i5\/avis\/\" target=\"_blank\" rel=\"noopener\">Audix I5<\/a><\/li>\n<li>2 micros <a href=\"http:\/\/fr.audiofanzine.com\/micro-statique-a-transistors-a-petite-membrane\/audix\/F90\/avis\/\" target=\"_blank\" rel=\"noopener\">Audix F90<\/a><\/li>\n<li>1 micro <a href=\"http:\/\/fr.audiofanzine.com\/microphone-divers\/shure\/819\/avis\/\" target=\"_blank\" rel=\"noopener\">Shure 819<\/a><\/li>\n<li>10 micros <a href=\"http:\/\/fr.audiofanzine.com\/microphone-dynamique\/shure\/SM57\/avis\/\" target=\"_blank\" rel=\"noopener\">Shure SM57<\/a><\/li>\n<li>10 micros <a href=\"http:\/\/fr.audiofanzine.com\/microphone-dynamique\/shure\/sm58-cn\/avis\/\" target=\"_blank\" rel=\"noopener\">Shure SM58<\/a><\/li>\n<li>2 micro <a href=\"http:\/\/fr.audiofanzine.com\/microphone-dynamique\/shure\/SM7\/avis\/\" target=\"_blank\" rel=\"noopener\">Shure SM7<\/a><\/li>\n<li>3 micro <a href=\"http:\/\/fr.audiofanzine.com\/microphone-divers\/shure\/beta-91a\/\" target=\"_blank\" rel=\"noopener\">Shure Beta 91<\/a><\/li>\n<li>1 micro <a href=\"http:\/\/fr.audiofanzine.com\/microphone-dynamique\/shure\/Beta-57\/avis\/\" target=\"_blank\" rel=\"noopener\">Shure Beta 57<\/a><\/li>\n<li>1 micro <a href=\"http:\/\/fr.audiofanzine.com\/microphone-dynamique\/shure\/Beta-58A\/avis\/\" target=\"_blank\" rel=\"noopener\">Shure Beta 58A<\/a><\/li>\n<li>2 micro <a href=\"http:\/\/fr.audiofanzine.com\/microphone-dynamique\/shure\/beta-52a\/avis\/\" target=\"_blank\" rel=\"noopener\">Shure Beta 52A<\/a><\/li>\n<li>4 micros <a href=\"http:\/\/fr.audiofanzine.com\/micro-statique-a-transistors-a-petite-membrane\/shure\/KSM141\/avis\/\" target=\"_blank\" rel=\"noopener\">Shure KSM 141<\/a><\/li>\n<li>3 micros <a href=\"https:\/\/fr.audiofanzine.com\/micro-statique-a-transistors-a-petite-membrane\/shure\/sm81-lc\/avis\/\">Shure SM81<\/a><\/li>\n<li>1 micro <a href=\"http:\/\/fr.audiofanzine.com\/microphone-dynamique\/shure\/Prologue-10L-LC\/avis\/\" target=\"_blank\" rel=\"noopener\">Shure Prologue-10L-LC<\/a><\/li>\n<li>4 micros <a href=\"http:\/\/fr.audiofanzine.com\/recherche\/Milab%20DC96.html\" target=\"_blank\" rel=\"noopener\">Milab DC96<\/a><\/li>\n<li>1 micro <a href=\"http:\/\/fr.audiofanzine.com\/micro-statique-a-transistors-a-petite-membrane\/milab\/LSR-1000\/\" target=\"_blank\" rel=\"noopener\">Milab LSR 1000<\/a><\/li>\n<li>1 micro PML DC73<\/li>\n<li>1 micro <a href=\"http:\/\/fr.audiofanzine.com\/microphone-dynamique\/electro-voice\/RE20\/avis\/\" target=\"_blank\" rel=\"noopener\">ElectroVoice RE20<\/a><\/li>\n<li>1 micro <a href=\"https:\/\/fr.audiofanzine.com\/microphone-dynamique\/beyerdynamic\/M88\/avis\/\">Beyerdynamic M88<\/a><\/li>\n<li>1 micros <a href=\"https:\/\/fr.audiofanzine.com\/micro-statique-a-tube-a-large-membrane\/rode\/Classic-II\/avis\/\">Rode Classic II<\/a><\/li>\n<li>1 micro <a href=\"http:\/\/fr.audiofanzine.com\/micro-statique-a-transistors-a-large-membrane\/rode\/NT2000\/avis\/\" target=\"_blank\" rel=\"noopener\">Rode NT2000<\/a><\/li>\n<li>1 micro \u00e0 <a href=\"http:\/\/fr.audiofanzine.com\/microphone-ruban\/royer-labs\/r-121\/avis\/\" target=\"_blank\" rel=\"noopener\">Ruban Royer 121<\/a><\/li>\n<li>1 micro \u00e0 <a href=\"http:\/\/fr.audiofanzine.com\/microphone-ruban\/peluso\/r14\/\" target=\"_blank\" rel=\"noopener\">Ruban Peluso R14<\/a><\/li>\n<li>1 micro <a href=\"https:\/\/fr.audiofanzine.com\/micro-statique-a-tube-a-large-membrane\/neumann\/U-47\/avis\/\">Neumann U47<\/a> lampes version Multirotor<\/li>\n<li>1 micro <a href=\"http:\/\/fr.audiofanzine.com\/micro-statique-a-transistors-a-petite-membrane\/neumann\/KM-130\/\" target=\"_blank\" rel=\"noopener\">Neumann KM130<\/a><\/li>\n<li>1 micro <a href=\"http:\/\/fr.audiofanzine.com\/microphone-dynamique\/yamaha\/SubKick\/avis\/\" target=\"_blank\" rel=\"noopener\">Yamaha Subkick<\/a><\/li>\n<li>1 micro <a href=\"http:\/\/www.dwdrums.com\/moonmic\/\" target=\"_blank\" rel=\"noopener\">MoonMic Subkick DW<\/a><\/li>\n<li>2 micros <a href=\"http:\/\/fr.audiofanzine.com\/micro-statique-a-transistors-a-large-membrane\/audio-technica\/AT4050\/avis\/\" target=\"_blank\" rel=\"noopener\">Audio-Technica AT4050<\/a><\/li>\n<li>1 micro <a href=\"http:\/\/fr.audiofanzine.com\/micro-statique-a-transistors-a-large-membrane\/audio-technica\/AT4047-SV\/avis\/\" target=\"_blank\" rel=\"noopener\">Audio-Technica AT4047<\/a><\/li>\n<li>1 micro <a href=\"http:\/\/fr.audiofanzine.com\/micro-statique-a-transistors-a-petite-membrane\/audio-technica\/PRO-37R\/avis\/\" target=\"_blank\" rel=\"noopener\">Audio-Technica Pro 37R<\/a><\/li>\n<li>1 micro <a href=\"http:\/\/fr.audiofanzine.com\/microphone-dynamique\/akg\/d-12-e\/avis\/\" target=\"_blank\" rel=\"noopener\">AKG D12E<\/a><\/li>\n<li>1 micro <a href=\"http:\/\/fr.audiofanzine.com\/microphone-dynamique\/akg\/D-440\/avis\/\" target=\"_blank\" rel=\"noopener\">AKG D440<\/a><\/li>\n<li>1 micro <a href=\"http:\/\/fr.audiofanzine.com\/microphone-dynamique\/akg\/D-550\/avis\/\" target=\"_blank\" rel=\"noopener\">AKG D550<\/a><\/li>\n<li>3 micros <a href=\"http:\/\/fr.audiofanzine.com\/microphone-dynamique\/sennheiser\/MD-421\/avis\/\" target=\"_blank\" rel=\"noopener\">Sennheiser MD421<\/a><\/li>\n<li>1 micro <a href=\"https:\/\/fr.audiofanzine.com\/microphone-dynamique\/sennheiser\/MD-441\/avis\/\" target=\"_blank\" rel=\"noopener\">Sennheiser MD441<\/a><\/li>\n<li>1 micro <a href=\"https:\/\/fr.audiofanzine.com\/microphone-dynamique\/sennheiser\/MD-211\/avis\/\">Sennheiser MD211<\/a><\/li>\n<li>1 micro <a href=\"http:\/\/fr.audiofanzine.com\/microphone-dynamique\/sennheiser\/E-855\/avis\/\" target=\"_blank\" rel=\"noopener\">Sennheiser e855<\/a><\/li>\n<li>1 micros <a href=\"http:\/\/fr.audiofanzine.com\/microphone-dynamique\/sennheiser\/E-906\/avis\/\" target=\"_blank\" rel=\"noopener\">Senheiser e609<\/a><\/li>\n<li>1 micro <a href=\"http:\/\/fr.audiofanzine.com\/microphone-dynamique\/sennheiser\/E-902\/avis\/\" target=\"_blank\" rel=\"noopener\">Sennheiser e902<\/a><\/li>\n<li>1 micro <a href=\"http:\/\/fr.audiofanzine.com\/micro-statique-a-transistors-a-petite-membrane\/mxl\/603S\/avis\/\" target=\"_blank\" rel=\"noopener\">MXL 603S<\/a><\/li>\n<li>2 micros <a href=\"https:\/\/fr.audiofanzine.com\/microphone-electret\/micro-rocco\/rocco-rm1\/avis\/\" target=\"_blank\" rel=\"noopener\">Rocco RM1<\/a><\/li>\n<li>2 micros <a href=\"https:\/\/microrocco.jimdo.com\/fuzzyphone\/\" target=\"_blank\" rel=\"noopener\">Rocco FuzzyPhone<\/a><\/li>\n<li>2 micros <a href=\"https:\/\/fr.audiofanzine.com\/micro-statique-a-transistors-a-large-membrane\/oktava\/MK-219-MSP\/\">Oktava MK-219 MSP<\/a><\/li>\n<li>2 micros <a href=\"https:\/\/fr.audiofanzine.com\/microphone-ruban\/diy-audio-components\/diyac-rm-5\/avis\/\" target=\"_blank\" rel=\"noopener\">Ruban RM5 Lettoniene Bumblebee<\/a><\/li>\n<li>1 micro Ruban RM6 Lettoniene Bumblebee<\/li>\n<li>1 micro Griffon Microphone GMT-12<\/li>\n<li>1 micro Griffon Microphone FET A-47<\/li>\n<li>1 micro ruban Griffon Microphone A-21<\/li>\n<li>10 DI monos et st\u00e9r\u00e9os ( Radial, BSS, Samson Berhinger, &#8230; )<\/li>\n<\/ul>\n<p><img loading=\"lazy\" decoding=\"async\" class=\"wp-image-1144 size-full aligncenter\" src=\"http:\/\/stud-du-sud.com\/wordpress\/wp-content\/uploads\/2016\/02\/Racks-Studio.jpg\" alt=\"\" width=\"638\" height=\"960\" srcset=\"http:\/\/stud-du-sud.com\/wordpress\/wp-content\/uploads\/2016\/02\/Racks-Studio.jpg 638w, http:\/\/stud-du-sud.com\/wordpress\/wp-content\/uploads\/2016\/02\/Racks-Studio-199x300.jpg 199w\" sizes=\"auto, (max-width: 638px) 100vw, 638px\" \/><\/p>\n<p style=\"text-align: center;\">Le Mat\u00e9riel de studio est susceptible d&rsquo;\u00e9voluer dans le temps&#8230;<\/p>\n","protected":false},"excerpt":{"rendered":"<p>C\u0153ur du Syst\u00e8me : 1 Console analogique SSL 4000 G+ ( de 1998 ) japonaise, 48 tranches, 48 Eq Black, 48 compresseurs monos et un compresseur de buss St\u00e9r\u00e9o. Avec une Automation Tangerine pour les 56 Faders ( 8 faders de VCA en section centrale, en plus des 48 faders de chaque channel&#8230;) branch\u00e9e directement [&hellip;]<\/p>\n","protected":false},"author":1,"featured_media":0,"parent":78,"menu_order":3,"comment_status":"closed","ping_status":"closed","template":"","meta":{"footnotes":""},"class_list":["post-38","page","type-page","status-publish","hentry"],"_links":{"self":[{"href":"http:\/\/stud-du-sud.com\/wordpress\/index.php?rest_route=\/wp\/v2\/pages\/38","targetHints":{"allow":["GET"]}}],"collection":[{"href":"http:\/\/stud-du-sud.com\/wordpress\/index.php?rest_route=\/wp\/v2\/pages"}],"about":[{"href":"http:\/\/stud-du-sud.com\/wordpress\/index.php?rest_route=\/wp\/v2\/types\/page"}],"author":[{"embeddable":true,"href":"http:\/\/stud-du-sud.com\/wordpress\/index.php?rest_route=\/wp\/v2\/users\/1"}],"replies":[{"embeddable":true,"href":"http:\/\/stud-du-sud.com\/wordpress\/index.php?rest_route=%2Fwp%2Fv2%2Fcomments&post=38"}],"version-history":[{"count":79,"href":"http:\/\/stud-du-sud.com\/wordpress\/index.php?rest_route=\/wp\/v2\/pages\/38\/revisions"}],"predecessor-version":[{"id":1841,"href":"http:\/\/stud-du-sud.com\/wordpress\/index.php?rest_route=\/wp\/v2\/pages\/38\/revisions\/1841"}],"up":[{"embeddable":true,"href":"http:\/\/stud-du-sud.com\/wordpress\/index.php?rest_route=\/wp\/v2\/pages\/78"}],"wp:attachment":[{"href":"http:\/\/stud-du-sud.com\/wordpress\/index.php?rest_route=%2Fwp%2Fv2%2Fmedia&parent=38"}],"curies":[{"name":"wp","href":"https:\/\/api.w.org\/{rel}","templated":true}]}}