{"id":323,"date":"2015-09-28T09:02:26","date_gmt":"2015-09-28T08:02:26","guid":{"rendered":"http:\/\/stud-du-sud.com\/wordpress\/?page_id=323"},"modified":"2018-04-21T13:16:27","modified_gmt":"2018-04-21T12:16:27","slug":"mixage","status":"publish","type":"page","link":"http:\/\/stud-du-sud.com\/wordpress\/?page_id=323","title":{"rendered":"Mixage"},"content":{"rendered":"<h2>Mixage<\/h2>\n<p>Le Mixage est l&rsquo;avant derni\u00e8re \u00e9tape dans le processus de cr\u00e9ation d&rsquo;album ou d&rsquo;EP&#8230;<\/p>\n<p>Nous mixons les enregistrements et productions enregistr\u00e9es au <a href=\"https:\/\/www.facebook.com\/studdusud\" target=\"_blank\" rel=\"noopener noreferrer\">Stud du Sud<\/a> mais aussi des titres enregistr\u00e9s dans d&rsquo;autres Studios&#8230;<\/p>\n<p>Le Mixage est un art un peu sp\u00e9cial, o\u00f9 chaque Ing\u00e9nieur du Son a ses rep\u00e8res, ses \u00ab\u00a0priorit\u00e9s\u00a0\u00bb dans ce que doit percevoir l&rsquo;auditeur, ses outils. A la fin, le mixage d&rsquo;un Ing\u00e9nieur du Son sera toujours tr\u00e8s diff\u00e9rent de celui d&rsquo;un autre&#8230; C&rsquo;est pour cela qu&rsquo;on peut nous dire \u00ab\u00a0J&rsquo;aimerai un son de grosse caisse \u00e0 la XX avec un son de caisse claire \u00e0 la YY\u00a0\u00bb \ud83d\ude42<\/p>\n<p>Nous demandons donc, d\u00e8s la phase de pr\u00e9-production, des CD ou titres de r\u00e9f\u00e9rences, pour chaque titre \u00e0 mixer, ou pour un \u00ab\u00a0son d&rsquo;album\u00a0\u00bb dans son ensemble, histoire de savoir vers quel son nous devons nous orienter au Mixage.<\/p>\n<p>En effet, le Mixage joue encore \u00e9norm\u00e9ment sur le cot\u00e9 \u00ab\u00a0production\u00a0\u00bb du titre. M\u00eame si nous ne rajoutons pas de nouveaux instruments, il est possible de rajouter des sons ( d\u00e9lays, r\u00e9verbs ) ou de modifier tr\u00e8s grandement les sons pr\u00e9sents ( dans leur texture, dur\u00e9e, \u00e9qualisation, &#8230; ).<\/p>\n<p>Il faut compter en g\u00e9n\u00e9ral au minimum un jour de mixage par titre&#8230; Cela parait souvent \u00e9norme aux Artistes. Nous en invitons certains ( pas tout le groupe en m\u00eame temps car c&rsquo;est souvent contre-productif ) lors d&rsquo;une journ\u00e9e de mix, histoire qu&rsquo;ils \u00ab\u00a0appr\u00e9cient\u00a0\u00bb cette longue journ\u00e9e \ud83d\ude42<\/p>\n<p>Nous mixons via ProTools 2018 Native \u00ab\u00a0Vanillia\u00a0\u00bb, sur notre table analogique SSL 4000 G+ ( en passant par nos chers convertisseurs Apogee \/ Soundscape IO896 et autre Soundscape IBox MADI 64 ). Nous avons une tr\u00e8s belle collection de p\u00e9riph\u00e9riques ( voir la page <a href=\"http:\/\/stud-du-sud.com\/wordpress\/?page_id=38\">Mat\u00e9riel de Studio<\/a> )&#8230; Nous poss\u00e9dons plusieurs paires d&rsquo;enceintes pour mixer ( Prosodia Bora, Yamaha NS10,Tannoy Precision 8D, Mackie HR824 USA, KRK V4 serie II, &#8230; ) chaque titre&#8230;<\/p>\n<p>La phase suivante est le Mastering, service que nous laissons au professionnels du Mastering.<\/p>\n<p><img loading=\"lazy\" decoding=\"async\" class=\"alignnone size-full wp-image-1470\" src=\"http:\/\/stud-du-sud.com\/wordpress\/wp-content\/uploads\/2018\/04\/IMG_0120.jpg\" alt=\"\" width=\"3264\" height=\"2448\" srcset=\"http:\/\/stud-du-sud.com\/wordpress\/wp-content\/uploads\/2018\/04\/IMG_0120.jpg 3264w, http:\/\/stud-du-sud.com\/wordpress\/wp-content\/uploads\/2018\/04\/IMG_0120-300x225.jpg 300w, http:\/\/stud-du-sud.com\/wordpress\/wp-content\/uploads\/2018\/04\/IMG_0120-768x576.jpg 768w, http:\/\/stud-du-sud.com\/wordpress\/wp-content\/uploads\/2018\/04\/IMG_0120-1024x768.jpg 1024w\" sizes=\"auto, (max-width: 3264px) 100vw, 3264px\" \/><\/p>\n","protected":false},"excerpt":{"rendered":"<p>Mixage Le Mixage est l&rsquo;avant derni\u00e8re \u00e9tape dans le processus de cr\u00e9ation d&rsquo;album ou d&rsquo;EP&#8230; Nous mixons les enregistrements et productions enregistr\u00e9es au Stud du Sud mais aussi des titres enregistr\u00e9s dans d&rsquo;autres Studios&#8230; Le Mixage est un art un peu sp\u00e9cial, o\u00f9 chaque Ing\u00e9nieur du Son a ses rep\u00e8res, ses \u00ab\u00a0priorit\u00e9s\u00a0\u00bb dans ce que [&hellip;]<\/p>\n","protected":false},"author":1,"featured_media":0,"parent":296,"menu_order":4,"comment_status":"closed","ping_status":"closed","template":"","meta":{"footnotes":""},"class_list":["post-323","page","type-page","status-publish","hentry"],"_links":{"self":[{"href":"http:\/\/stud-du-sud.com\/wordpress\/index.php?rest_route=\/wp\/v2\/pages\/323","targetHints":{"allow":["GET"]}}],"collection":[{"href":"http:\/\/stud-du-sud.com\/wordpress\/index.php?rest_route=\/wp\/v2\/pages"}],"about":[{"href":"http:\/\/stud-du-sud.com\/wordpress\/index.php?rest_route=\/wp\/v2\/types\/page"}],"author":[{"embeddable":true,"href":"http:\/\/stud-du-sud.com\/wordpress\/index.php?rest_route=\/wp\/v2\/users\/1"}],"replies":[{"embeddable":true,"href":"http:\/\/stud-du-sud.com\/wordpress\/index.php?rest_route=%2Fwp%2Fv2%2Fcomments&post=323"}],"version-history":[{"count":16,"href":"http:\/\/stud-du-sud.com\/wordpress\/index.php?rest_route=\/wp\/v2\/pages\/323\/revisions"}],"predecessor-version":[{"id":1471,"href":"http:\/\/stud-du-sud.com\/wordpress\/index.php?rest_route=\/wp\/v2\/pages\/323\/revisions\/1471"}],"up":[{"embeddable":true,"href":"http:\/\/stud-du-sud.com\/wordpress\/index.php?rest_route=\/wp\/v2\/pages\/296"}],"wp:attachment":[{"href":"http:\/\/stud-du-sud.com\/wordpress\/index.php?rest_route=%2Fwp%2Fv2%2Fmedia&parent=323"}],"curies":[{"name":"wp","href":"https:\/\/api.w.org\/{rel}","templated":true}]}}