{"id":321,"date":"2015-09-28T08:56:55","date_gmt":"2015-09-28T07:56:55","guid":{"rendered":"http:\/\/stud-du-sud.com\/wordpress\/?page_id=321"},"modified":"2018-04-21T10:53:56","modified_gmt":"2018-04-21T09:53:56","slug":"post-production","status":"publish","type":"page","link":"http:\/\/stud-du-sud.com\/wordpress\/?page_id=321","title":{"rendered":"Post-Production"},"content":{"rendered":"<h2>Post-Production<\/h2>\n<p>G\u00e9n\u00e9ralement, nous ne rajoutons pas notre propre couche de Post-Production pour les Artistes nous demandant simplement un mixage de leur EP ou de leur Album, cela se fait lorsque tout l&rsquo;album se fait au <a href=\"https:\/\/www.facebook.com\/studdusud\" target=\"_blank\" rel=\"noopener\">Stud du Sud<\/a><\/p>\n<p>&nbsp;<\/p>\n<p>Apr\u00e8s la journ\u00e9e d&rsquo;enregistrement \u00ab\u00a0Live\u00a0\u00bb, les Artistes rajoutent eux-m\u00eame sur une journ\u00e9e ou deux des parties suppl\u00e9mentaires ( choeurs, solos, &#8230; ).<\/p>\n<p>La plupart des groupes passant au Studio nous demandent <strong>d&rsquo;intervenir<\/strong> dans les enregistrements pour \u00ab\u00a0gonfler la production\u00a0\u00bb. En effet, les productions actuelles ont rarement \u00ab\u00a0une seule couche\u00a0\u00bb d&rsquo;enregistrements&#8230;<\/p>\n<p>Nous mettons donc notre \u00ab\u00a0patte\u00a0\u00bb sur leur titres <strong>en rajoutant des parties<\/strong> ( cela va des simples percussions, jusqu&rsquo;aux ensembles philharmoniques, de simples notes\/sons \u00e0 de vraies m\u00e9lodies ). Il faut bien s\u00fbr avoir assez de vocabulaire et de r\u00e9f\u00e9rences pour pouvoir se permettre de telles modifications ou rajouts&#8230; Nous pr\u00e9parons g\u00e9n\u00e9ralement plusieurs pistes, plusieurs routes diff\u00e9rentes pour ces titres, pour essayer de plaire aux Artistes quoi qu&rsquo;il arrive \ud83d\ude42<\/p>\n<p>Ces \u00ab\u00a0rajouts\u00a0\u00bb sont bien s\u00fbr fait la plupart du temps <strong>AVEC l&rsquo;artiste \u00e0 cot\u00e9 ou de retour apr\u00e8s quelques jours<\/strong>, cela permet de gagner du temps en \u00e9changes de fichiers si l&rsquo;artiste est \u00e0 l&rsquo;autre bout de la France ou dans un pays \u00e9tranger&#8230;<\/p>\n<h5><a href=\"http:\/\/stud-du-sud.com\/wordpress\/?page_id=323\">La phase suivante est le Mixage<\/a><\/h5>\n<p><img loading=\"lazy\" decoding=\"async\" class=\"alignnone wp-image-1366 size-full\" src=\"http:\/\/stud-du-sud.com\/wordpress\/wp-content\/uploads\/2018\/03\/DSC_8047.jpg\" alt=\"\" width=\"2848\" height=\"4288\" srcset=\"http:\/\/stud-du-sud.com\/wordpress\/wp-content\/uploads\/2018\/03\/DSC_8047.jpg 2848w, http:\/\/stud-du-sud.com\/wordpress\/wp-content\/uploads\/2018\/03\/DSC_8047-199x300.jpg 199w, http:\/\/stud-du-sud.com\/wordpress\/wp-content\/uploads\/2018\/03\/DSC_8047-768x1156.jpg 768w, http:\/\/stud-du-sud.com\/wordpress\/wp-content\/uploads\/2018\/03\/DSC_8047-680x1024.jpg 680w\" sizes=\"auto, (max-width: 2848px) 100vw, 2848px\" \/><\/p>\n<p>&nbsp;<\/p>\n","protected":false},"excerpt":{"rendered":"<p>Post-Production G\u00e9n\u00e9ralement, nous ne rajoutons pas notre propre couche de Post-Production pour les Artistes nous demandant simplement un mixage de leur EP ou de leur Album, cela se fait lorsque tout l&rsquo;album se fait au Stud du Sud &nbsp; Apr\u00e8s la journ\u00e9e d&rsquo;enregistrement \u00ab\u00a0Live\u00a0\u00bb, les Artistes rajoutent eux-m\u00eame sur une journ\u00e9e ou deux des parties [&hellip;]<\/p>\n","protected":false},"author":1,"featured_media":0,"parent":296,"menu_order":3,"comment_status":"closed","ping_status":"closed","template":"","meta":{"footnotes":""},"class_list":["post-321","page","type-page","status-publish","hentry"],"_links":{"self":[{"href":"http:\/\/stud-du-sud.com\/wordpress\/index.php?rest_route=\/wp\/v2\/pages\/321","targetHints":{"allow":["GET"]}}],"collection":[{"href":"http:\/\/stud-du-sud.com\/wordpress\/index.php?rest_route=\/wp\/v2\/pages"}],"about":[{"href":"http:\/\/stud-du-sud.com\/wordpress\/index.php?rest_route=\/wp\/v2\/types\/page"}],"author":[{"embeddable":true,"href":"http:\/\/stud-du-sud.com\/wordpress\/index.php?rest_route=\/wp\/v2\/users\/1"}],"replies":[{"embeddable":true,"href":"http:\/\/stud-du-sud.com\/wordpress\/index.php?rest_route=%2Fwp%2Fv2%2Fcomments&post=321"}],"version-history":[{"count":21,"href":"http:\/\/stud-du-sud.com\/wordpress\/index.php?rest_route=\/wp\/v2\/pages\/321\/revisions"}],"predecessor-version":[{"id":1446,"href":"http:\/\/stud-du-sud.com\/wordpress\/index.php?rest_route=\/wp\/v2\/pages\/321\/revisions\/1446"}],"up":[{"embeddable":true,"href":"http:\/\/stud-du-sud.com\/wordpress\/index.php?rest_route=\/wp\/v2\/pages\/296"}],"wp:attachment":[{"href":"http:\/\/stud-du-sud.com\/wordpress\/index.php?rest_route=%2Fwp%2Fv2%2Fmedia&parent=321"}],"curies":[{"name":"wp","href":"https:\/\/api.w.org\/{rel}","templated":true}]}}