{"id":32,"date":"2015-09-27T14:55:06","date_gmt":"2015-09-27T13:55:06","guid":{"rendered":"http:\/\/stud-du-sud.com\/wordpress\/?page_id=32"},"modified":"2018-04-21T10:28:21","modified_gmt":"2018-04-21T09:28:21","slug":"le-studio-salle-de-prise","status":"publish","type":"page","link":"http:\/\/stud-du-sud.com\/wordpress\/?page_id=32","title":{"rendered":"Les Salles de Prise"},"content":{"rendered":"<h2>Les Salles de Prise<\/h2>\n<p><img loading=\"lazy\" decoding=\"async\" class=\"alignnone wp-image-1377 size-full\" title=\"Les Salles de Prise\" src=\"http:\/\/stud-du-sud.com\/wordpress\/wp-content\/uploads\/2018\/04\/S.Montesinos-0319.jpg\" alt=\"\" width=\"4898\" height=\"3265\" srcset=\"http:\/\/stud-du-sud.com\/wordpress\/wp-content\/uploads\/2018\/04\/S.Montesinos-0319.jpg 4898w, http:\/\/stud-du-sud.com\/wordpress\/wp-content\/uploads\/2018\/04\/S.Montesinos-0319-300x200.jpg 300w, http:\/\/stud-du-sud.com\/wordpress\/wp-content\/uploads\/2018\/04\/S.Montesinos-0319-768x512.jpg 768w, http:\/\/stud-du-sud.com\/wordpress\/wp-content\/uploads\/2018\/04\/S.Montesinos-0319-1024x683.jpg 1024w\" sizes=\"auto, (max-width: 4898px) 100vw, 4898px\" \/><\/p>\n<p>Les Salles de Prises du <a href=\"https:\/\/www.facebook.com\/studdusud\" target=\"_blank\" rel=\"noopener\">Stud du Sud<\/a> peuvent accueillir un groupe entier, permettant sans souci la prise \u00ab\u00a0Live\u00a0\u00bb de tout un groupe&#8230;<\/p>\n<p>La <strong>grande salle<\/strong> de prise fait 50 m\u00b2, compos\u00e9e principalement de bois blanc et de pl\u00e2tre, elle a \u00e9t\u00e9 con\u00e7ue selon le principe de \u00ab\u00a0la boite de la boite\u00a0\u00bb, comporte 2 climatisations split r\u00e9versibles, et une \u00e9norme VMC double Flux.<\/p>\n<p>Cette grande Salle de Prise est sertie de c\u00e2bles XLR sur les murs et les plafonds, de mani\u00e8re \u00e0 pouvoir enregistrer le \u00ab\u00a0son\u00a0\u00bb de la pi\u00e8ce ( il n&rsquo;est pas rare que nous placions des micros orient\u00e9s vers les murs ou le sol pour pouvoir profiter de ce \u00ab\u00a0son\u00a0\u00bb particulier ). Cette grande salle contient \u00e9galement des \u00ab\u00a0Box Amplis\u00a0\u00bb, permettant aux musiciens d&rsquo;enregistrer les guitares sans que leur son aille dans d&rsquo;autres micros ( comme ceux de la batterie ).<\/p>\n<p>Dans son ensemble, la construction de type \u00ab\u00a0Boite dans la Boite\u00a0\u00bb de l&rsquo;ensemble de ces 2 pi\u00e8ces permet \u00e0 un groupe de jouer tr\u00e8s fort sans que le moindre son ne sorte de la b\u00e2tisse, les enregistrements de nuit, WE ou vacances sont donc permis. Il n&rsquo;y a \u00e9galement aucun son qui passe dans la R\u00e9gie&#8230;<\/p>\n<p>Nous avons \u00e9galement une \u00ab\u00a0<strong>Vocal Booth<\/strong>\u00a0\u00bb de 3 m\u00b2 ( pour les chanteurs \/ chanteuses donc ), attenante \u00e0 la grande salle, permettant une prise \u00ab\u00a0Live\u00a0\u00bb d&rsquo;un groupe entier. Cette \u00ab\u00a0Vocal Booth\u00a0\u00bb a une acoustique plus mate que celle de la grande pi\u00e8ce. Les voix des chanteurs ne contiennent donc pas la reverb\u00e9ration naturelle de l&rsquo;autre pi\u00e8ce, et sont donc plus faciles \u00e0 travailler au moment du mixage&#8230;<\/p>\n<p>Pour toute question sur les aspects techniques de ces pi\u00e8ces, n&rsquo;h\u00e9sitez pas \u00e0 nous contacter&#8230;<\/p>\n","protected":false},"excerpt":{"rendered":"<p>Les Salles de Prise Les Salles de Prises du Stud du Sud peuvent accueillir un groupe entier, permettant sans souci la prise \u00ab\u00a0Live\u00a0\u00bb de tout un groupe&#8230; La grande salle de prise fait 50 m\u00b2, compos\u00e9e principalement de bois blanc et de pl\u00e2tre, elle a \u00e9t\u00e9 con\u00e7ue selon le principe de \u00ab\u00a0la boite de la [&hellip;]<\/p>\n","protected":false},"author":1,"featured_media":0,"parent":78,"menu_order":2,"comment_status":"closed","ping_status":"closed","template":"","meta":{"footnotes":""},"class_list":["post-32","page","type-page","status-publish","hentry"],"_links":{"self":[{"href":"http:\/\/stud-du-sud.com\/wordpress\/index.php?rest_route=\/wp\/v2\/pages\/32","targetHints":{"allow":["GET"]}}],"collection":[{"href":"http:\/\/stud-du-sud.com\/wordpress\/index.php?rest_route=\/wp\/v2\/pages"}],"about":[{"href":"http:\/\/stud-du-sud.com\/wordpress\/index.php?rest_route=\/wp\/v2\/types\/page"}],"author":[{"embeddable":true,"href":"http:\/\/stud-du-sud.com\/wordpress\/index.php?rest_route=\/wp\/v2\/users\/1"}],"replies":[{"embeddable":true,"href":"http:\/\/stud-du-sud.com\/wordpress\/index.php?rest_route=%2Fwp%2Fv2%2Fcomments&post=32"}],"version-history":[{"count":19,"href":"http:\/\/stud-du-sud.com\/wordpress\/index.php?rest_route=\/wp\/v2\/pages\/32\/revisions"}],"predecessor-version":[{"id":1434,"href":"http:\/\/stud-du-sud.com\/wordpress\/index.php?rest_route=\/wp\/v2\/pages\/32\/revisions\/1434"}],"up":[{"embeddable":true,"href":"http:\/\/stud-du-sud.com\/wordpress\/index.php?rest_route=\/wp\/v2\/pages\/78"}],"wp:attachment":[{"href":"http:\/\/stud-du-sud.com\/wordpress\/index.php?rest_route=%2Fwp%2Fv2%2Fmedia&parent=32"}],"curies":[{"name":"wp","href":"https:\/\/api.w.org\/{rel}","templated":true}]}}