{"id":315,"date":"2015-09-28T08:49:28","date_gmt":"2015-09-28T07:49:28","guid":{"rendered":"http:\/\/stud-du-sud.com\/wordpress\/?page_id=315"},"modified":"2018-04-21T10:47:44","modified_gmt":"2018-04-21T09:47:44","slug":"enregistrement","status":"publish","type":"page","link":"http:\/\/stud-du-sud.com\/wordpress\/?page_id=315","title":{"rendered":"Enregistrement"},"content":{"rendered":"<h2>Enregistrement<\/h2>\n<p>L&rsquo;Enregistrement est une partie tr\u00e8s importante dans la cr\u00e9ation d&rsquo;un Album ou d&rsquo;un EP, dans le sens o\u00f9, l\u00e0, nous \u00ab\u00a0photographions\u00a0\u00bb ce que vous \u00eates ce jour l\u00e0, et cela restera probablement \u00ab\u00a0\u00e0 peu pr\u00e8s\u00a0\u00bb tel quel jusqu&rsquo;\u00e0 l&rsquo;\u00e9coute de votre album final&#8230;<\/p>\n<p>Il faut que vous ayez un minimum <strong>pr\u00e9par\u00e9<\/strong> cette phase ( avec ou sans notre aide, <a href=\"http:\/\/stud-du-sud.com\/wordpress\/?page_id=303\">pendant la phase de Pr\u00e9-Production<\/a> ), de mani\u00e8re \u00e0 ce que tout se passe fluidement ce(s) jour(s) l\u00e0. Au d\u00e9but de notre exp\u00e9rience d&rsquo;Ing\u00e9nieur du son en Studio, il nous est arriv\u00e9 de voir des groupes qui finissaient d&rsquo;\u00e9crire leurs titres pendant leurs enregistrements, et il y avait une grosse perte de concentration&#8230;<\/p>\n<p>Le mat\u00e9riel pr\u00e9sent au Studio <strong>permet l&rsquo;Enregistrement \u00ab\u00a0live\u00a0\u00bb<\/strong> et simultan\u00e9 d&rsquo;un groupe de Rock en entier ( 2 guitares, basse, batterie, clavier, chant lead, percussions, &#8230; ). Donc des conditions de r\u00e9pet, en mieux bien s\u00fbr, sp\u00e9cialement si nos conseils ont \u00e9t\u00e9 suivis depuis les r\u00e9pets pr\u00e9c\u00e9dant ce(s) jour(s) d&rsquo;Enregistrement&#8230;<\/p>\n<p>Il est \u00e9galement possible d&rsquo;enregistrer par \u00ab\u00a0sections\u00a0\u00bb ( section rythmique, puis instruments plus \u00ab\u00a0m\u00e9lodiques, puis voix leads, puis choeurs ) ou m\u00eame <strong>musicien par musicien<\/strong>. Nous pr\u00e9f\u00e9rons de loin enregistrer un maximum de musiciens simultan\u00e9ment ( nous prenons le temps de bien r\u00e9gler le retour ind\u00e9pendant dans le casque de chaque musicien ), quitte \u00e0 re-enregistrer certains passages le jour m\u00eame&#8230;<\/p>\n<p>&#8212;&#8212;&#8212;&#8212;&#8212;&#8212;&#8212;&#8212;&#8212;&#8212;&#8212;&#8212;&#8212;&#8212;&#8212;&#8212;&#8212;&#8212;&#8212;&#8212;&#8212;&#8212;&#8212;&#8212;&#8212;-<\/p>\n<p>Selon le son voulu par l&rsquo;Artiste ou le Groupe, nous choisissons le mat\u00e9riel ad\u00e9quat dans notre parc.<\/p>\n<p>Il n&rsquo;est pas rare qu&rsquo;un groupe enregistrant \u00ab\u00a0Live\u00a0\u00bb enregistre plus de 10 titres dans la journ\u00e9e ( un groupe assez rod\u00e9 a m\u00eame mis en boite 14 titres \u00ab\u00a0Live\u00a0\u00bb pendant leur 1ere grosse journ\u00e9e de prises ).<\/p>\n<p>D&rsquo;un autre cot\u00e9, il arrive fr\u00e9quemment qu&rsquo;un groupe passe plusieurs jours \/ semaines sur un album \u00ab\u00a0totalement produit\u00a0\u00bb au <a href=\"https:\/\/www.facebook.com\/studdusud\" target=\"_blank\" rel=\"noopener\">Stud du Sud<\/a> pour avoir un produit final travaill\u00e9 et \u00e0 la hauteur des canons actuels&#8230;<\/p>\n<h5><a href=\"http:\/\/stud-du-sud.com\/wordpress\/?page_id=321\">La phase suivante est la Post-Production<\/a><\/h5>\n<p><img loading=\"lazy\" decoding=\"async\" class=\"alignnone wp-image-1369 size-full\" title=\"Les Collektors pendant leur session d'Enregistrement\" src=\"http:\/\/stud-du-sud.com\/wordpress\/wp-content\/uploads\/2018\/04\/S.Montesinos-0352.jpg\" alt=\"\" width=\"951\" height=\"634\" srcset=\"http:\/\/stud-du-sud.com\/wordpress\/wp-content\/uploads\/2018\/04\/S.Montesinos-0352.jpg 951w, http:\/\/stud-du-sud.com\/wordpress\/wp-content\/uploads\/2018\/04\/S.Montesinos-0352-300x200.jpg 300w, http:\/\/stud-du-sud.com\/wordpress\/wp-content\/uploads\/2018\/04\/S.Montesinos-0352-768x512.jpg 768w\" sizes=\"auto, (max-width: 951px) 100vw, 951px\" \/><\/p>\n<p>&nbsp;<\/p>\n","protected":false},"excerpt":{"rendered":"<p>Enregistrement L&rsquo;Enregistrement est une partie tr\u00e8s importante dans la cr\u00e9ation d&rsquo;un Album ou d&rsquo;un EP, dans le sens o\u00f9, l\u00e0, nous \u00ab\u00a0photographions\u00a0\u00bb ce que vous \u00eates ce jour l\u00e0, et cela restera probablement \u00ab\u00a0\u00e0 peu pr\u00e8s\u00a0\u00bb tel quel jusqu&rsquo;\u00e0 l&rsquo;\u00e9coute de votre album final&#8230; Il faut que vous ayez un minimum pr\u00e9par\u00e9 cette phase ( [&hellip;]<\/p>\n","protected":false},"author":1,"featured_media":0,"parent":296,"menu_order":2,"comment_status":"closed","ping_status":"closed","template":"","meta":{"footnotes":""},"class_list":["post-315","page","type-page","status-publish","hentry"],"_links":{"self":[{"href":"http:\/\/stud-du-sud.com\/wordpress\/index.php?rest_route=\/wp\/v2\/pages\/315","targetHints":{"allow":["GET"]}}],"collection":[{"href":"http:\/\/stud-du-sud.com\/wordpress\/index.php?rest_route=\/wp\/v2\/pages"}],"about":[{"href":"http:\/\/stud-du-sud.com\/wordpress\/index.php?rest_route=\/wp\/v2\/types\/page"}],"author":[{"embeddable":true,"href":"http:\/\/stud-du-sud.com\/wordpress\/index.php?rest_route=\/wp\/v2\/users\/1"}],"replies":[{"embeddable":true,"href":"http:\/\/stud-du-sud.com\/wordpress\/index.php?rest_route=%2Fwp%2Fv2%2Fcomments&post=315"}],"version-history":[{"count":18,"href":"http:\/\/stud-du-sud.com\/wordpress\/index.php?rest_route=\/wp\/v2\/pages\/315\/revisions"}],"predecessor-version":[{"id":1443,"href":"http:\/\/stud-du-sud.com\/wordpress\/index.php?rest_route=\/wp\/v2\/pages\/315\/revisions\/1443"}],"up":[{"embeddable":true,"href":"http:\/\/stud-du-sud.com\/wordpress\/index.php?rest_route=\/wp\/v2\/pages\/296"}],"wp:attachment":[{"href":"http:\/\/stud-du-sud.com\/wordpress\/index.php?rest_route=%2Fwp%2Fv2%2Fmedia&parent=315"}],"curies":[{"name":"wp","href":"https:\/\/api.w.org\/{rel}","templated":true}]}}