{"id":307,"date":"2015-09-28T08:40:22","date_gmt":"2015-09-28T07:40:22","guid":{"rendered":"http:\/\/stud-du-sud.com\/wordpress\/?page_id=307"},"modified":"2026-03-24T08:49:29","modified_gmt":"2026-03-24T07:49:29","slug":"contact","status":"publish","type":"page","link":"http:\/\/stud-du-sud.com\/wordpress\/?page_id=307","title":{"rendered":"Contact"},"content":{"rendered":"<p>Pour toute question technique, artistique, horaires, prix, plan d&rsquo;acc\u00e8s, prenez contact avec nous :<\/p>\n<p>viguier.paul@gmail.com<\/p>\n<p>&#8212;&#8212;&#8212;&#8212;&#8212;&#8212;&#8212;&#8212;&#8212;&#8212;&#8211;<\/p>\n<p>Nos horaires sont plut\u00f4t extensibles ( nuits, week-ends, jours f\u00e9ri\u00e9s ), n&rsquo;h\u00e9sitez pas \u00e0 nous demander plus d&rsquo;infos&#8230;<\/p>\n<p>Nous nous d\u00e9pla\u00e7ons pour venir vous voir en r\u00e9pet ( si votre demande concerne des enregistrements ou de la Pr\u00e9-Production).<\/p>\n<p>&#8212;&#8212;&#8212;&#8212;&#8212;&#8212;&#8212;&#8212;&#8212;&#8212;&#8211;<\/p>\n<p>&nbsp;<\/p>\n<p>Il y a possibilit\u00e9 de se loger facilement ( de nombreuses Chambres d&rsquo;h\u00f4tes qui jouxtent le quartier ), n&rsquo;h\u00e9sitez pas \u00e0\u00a0 nous mailer pour toute demande&#8230;<\/p>\n","protected":false},"excerpt":{"rendered":"<p>Pour toute question technique, artistique, horaires, prix, plan d&rsquo;acc\u00e8s, prenez contact avec nous : viguier.paul@gmail.com &#8212;&#8212;&#8212;&#8212;&#8212;&#8212;&#8212;&#8212;&#8212;&#8212;&#8211; Nos horaires sont plut\u00f4t extensibles ( nuits, week-ends, jours f\u00e9ri\u00e9s ), n&rsquo;h\u00e9sitez pas \u00e0 nous demander plus d&rsquo;infos&#8230; Nous nous d\u00e9pla\u00e7ons pour venir vous voir en r\u00e9pet ( si votre demande concerne des enregistrements ou de la Pr\u00e9-Production). &#8212;&#8212;&#8212;&#8212;&#8212;&#8212;&#8212;&#8212;&#8212;&#8212;&#8211; [&hellip;]<\/p>\n","protected":false},"author":1,"featured_media":0,"parent":7,"menu_order":0,"comment_status":"closed","ping_status":"closed","template":"","meta":{"footnotes":""},"class_list":["post-307","page","type-page","status-publish","hentry"],"_links":{"self":[{"href":"http:\/\/stud-du-sud.com\/wordpress\/index.php?rest_route=\/wp\/v2\/pages\/307","targetHints":{"allow":["GET"]}}],"collection":[{"href":"http:\/\/stud-du-sud.com\/wordpress\/index.php?rest_route=\/wp\/v2\/pages"}],"about":[{"href":"http:\/\/stud-du-sud.com\/wordpress\/index.php?rest_route=\/wp\/v2\/types\/page"}],"author":[{"embeddable":true,"href":"http:\/\/stud-du-sud.com\/wordpress\/index.php?rest_route=\/wp\/v2\/users\/1"}],"replies":[{"embeddable":true,"href":"http:\/\/stud-du-sud.com\/wordpress\/index.php?rest_route=%2Fwp%2Fv2%2Fcomments&post=307"}],"version-history":[{"count":21,"href":"http:\/\/stud-du-sud.com\/wordpress\/index.php?rest_route=\/wp\/v2\/pages\/307\/revisions"}],"predecessor-version":[{"id":1461,"href":"http:\/\/stud-du-sud.com\/wordpress\/index.php?rest_route=\/wp\/v2\/pages\/307\/revisions\/1461"}],"up":[{"embeddable":true,"href":"http:\/\/stud-du-sud.com\/wordpress\/index.php?rest_route=\/wp\/v2\/pages\/7"}],"wp:attachment":[{"href":"http:\/\/stud-du-sud.com\/wordpress\/index.php?rest_route=%2Fwp%2Fv2%2Fmedia&parent=307"}],"curies":[{"name":"wp","href":"https:\/\/api.w.org\/{rel}","templated":true}]}}