{"id":303,"date":"2015-09-28T08:33:49","date_gmt":"2015-09-28T07:33:49","guid":{"rendered":"http:\/\/stud-du-sud.com\/wordpress\/?page_id=303"},"modified":"2018-06-19T08:39:18","modified_gmt":"2018-06-19T07:39:18","slug":"pre-production","status":"publish","type":"page","link":"http:\/\/stud-du-sud.com\/wordpress\/?page_id=303","title":{"rendered":"Pr\u00e9-Production"},"content":{"rendered":"<h2>Pr\u00e9-Production<\/h2>\n<p>Dans cette \u00e9tape, nous proposons aux Artistes et Groupes de les accompagner <strong>d\u00e8s leurs r\u00e9pets<\/strong> et m\u00eame les aider dans leur<strong> \u00e9critures<\/strong> de morceaux.<\/p>\n<p>Nous nous d\u00e9pla\u00e7ons donc jusqu&rsquo;\u00e0 leurs salles de r\u00e9pets, notons ce qu&rsquo;il y a \u00e0 am\u00e9liorer en vue d&rsquo;un \u00e9ventuel enregistrement ( souci de tempos, de construction de titre, de justesse, &#8230; ).<\/p>\n<p>Nous proposons \u00e9galement <strong>de pr\u00e9parer sur un logiciel<\/strong> certaines parties de l&rsquo;enregistrement, qu&rsquo;ils puissent voir si cela colle avec ce qu&rsquo;ils jouent en r\u00e9pet ou en Live, et si c&rsquo;est la bonne direction qu&rsquo;ils veulent donner \u00e0 leur futur Album ou EP&#8230;<\/p>\n<p>Il n&rsquo;est pas rare que nous devions allez voir certains artistes sur plusieurs mois ( et ann\u00e9es m\u00eame ) avant que la pr\u00e9-production ne nous semble \u00ab\u00a0\u00e0 la hauteur\u00a0\u00bb, et ainsi de les inviter \u00e0 poursuivre l&rsquo;aventure avec la phase d&rsquo;enregistrement&#8230;<\/p>\n<p>Afin de minimaliser l&rsquo;\u00e9ventuel stress des musiciens vis \u00e0 vis de \u00ab\u00a0l&rsquo;\u00e9tape Studio\u00a0\u00bb, nous faisons visiter \u00e0 chaque membre des Groupes le Studio <strong>AVANT l&rsquo;Enregistrement<\/strong>, histoire de les rassurer un peu&#8230;<\/p>\n<p><img loading=\"lazy\" decoding=\"async\" class=\"wp-image-1113 size-full aligncenter\" src=\"http:\/\/stud-du-sud.com\/wordpress\/wp-content\/uploads\/2016\/01\/Caregivers-au-Stud-8.jpg\" alt=\"\" width=\"960\" height=\"637\" srcset=\"http:\/\/stud-du-sud.com\/wordpress\/wp-content\/uploads\/2016\/01\/Caregivers-au-Stud-8.jpg 960w, http:\/\/stud-du-sud.com\/wordpress\/wp-content\/uploads\/2016\/01\/Caregivers-au-Stud-8-300x199.jpg 300w\" sizes=\"auto, (max-width: 960px) 100vw, 960px\" \/><\/p>\n<p>La Phase de Pr\u00e9-Production est LA phase clef pour qu&rsquo;il n&rsquo;y ait aucune surprise par la suite dans le bon d\u00e9roulement du projet ET dans la direction artistique choisie par le Groupe ou l&rsquo;Artiste.<\/p>\n<p>Tr\u00e8s souvent, c&rsquo;est la phase la plus longue parmi toutes les autres phases composant la confection d&rsquo;un Album ou d&rsquo;un EP&#8230;<\/p>\n<h5><a href=\"http:\/\/stud-du-sud.com\/wordpress\/?page_id=315\">La phase suivante est l&rsquo;Enregistrement&#8230;<\/a><\/h5>\n","protected":false},"excerpt":{"rendered":"<p>Pr\u00e9-Production Dans cette \u00e9tape, nous proposons aux Artistes et Groupes de les accompagner d\u00e8s leurs r\u00e9pets et m\u00eame les aider dans leur \u00e9critures de morceaux. Nous nous d\u00e9pla\u00e7ons donc jusqu&rsquo;\u00e0 leurs salles de r\u00e9pets, notons ce qu&rsquo;il y a \u00e0 am\u00e9liorer en vue d&rsquo;un \u00e9ventuel enregistrement ( souci de tempos, de construction de titre, de [&hellip;]<\/p>\n","protected":false},"author":1,"featured_media":0,"parent":296,"menu_order":0,"comment_status":"closed","ping_status":"closed","template":"","meta":{"footnotes":""},"class_list":["post-303","page","type-page","status-publish","hentry"],"_links":{"self":[{"href":"http:\/\/stud-du-sud.com\/wordpress\/index.php?rest_route=\/wp\/v2\/pages\/303","targetHints":{"allow":["GET"]}}],"collection":[{"href":"http:\/\/stud-du-sud.com\/wordpress\/index.php?rest_route=\/wp\/v2\/pages"}],"about":[{"href":"http:\/\/stud-du-sud.com\/wordpress\/index.php?rest_route=\/wp\/v2\/types\/page"}],"author":[{"embeddable":true,"href":"http:\/\/stud-du-sud.com\/wordpress\/index.php?rest_route=\/wp\/v2\/users\/1"}],"replies":[{"embeddable":true,"href":"http:\/\/stud-du-sud.com\/wordpress\/index.php?rest_route=%2Fwp%2Fv2%2Fcomments&post=303"}],"version-history":[{"count":24,"href":"http:\/\/stud-du-sud.com\/wordpress\/index.php?rest_route=\/wp\/v2\/pages\/303\/revisions"}],"predecessor-version":[{"id":1518,"href":"http:\/\/stud-du-sud.com\/wordpress\/index.php?rest_route=\/wp\/v2\/pages\/303\/revisions\/1518"}],"up":[{"embeddable":true,"href":"http:\/\/stud-du-sud.com\/wordpress\/index.php?rest_route=\/wp\/v2\/pages\/296"}],"wp:attachment":[{"href":"http:\/\/stud-du-sud.com\/wordpress\/index.php?rest_route=%2Fwp%2Fv2%2Fmedia&parent=303"}],"curies":[{"name":"wp","href":"https:\/\/api.w.org\/{rel}","templated":true}]}}