{"id":296,"date":"2015-09-28T08:27:41","date_gmt":"2015-09-28T07:27:41","guid":{"rendered":"http:\/\/stud-du-sud.com\/wordpress\/?page_id=296"},"modified":"2018-04-21T10:40:58","modified_gmt":"2018-04-21T09:40:58","slug":"prestations","status":"publish","type":"page","link":"http:\/\/stud-du-sud.com\/wordpress\/?page_id=296","title":{"rendered":"Prestations"},"content":{"rendered":"<h2><strong>Prestations<\/strong><\/h2>\n<p>Voici les prestations que nous proposons :<\/p>\n<ul>\n<li><a href=\"http:\/\/stud-du-sud.com\/wordpress\/?page_id=303\">Pr\u00e9-Production <\/a>La Pr\u00e9-production est la phase d&rsquo;\u00e9criture, r\u00e9p\u00e9tition, d\u00e9cision sur le tempo, les arrangements, d&rsquo;\u00e9ventuels premiers enregistrements&#8230;<\/li>\n<\/ul>\n<ul>\n<li><a href=\"http:\/\/stud-du-sud.com\/wordpress\/?page_id=315\">Enregistrement <\/a>L&rsquo;enregistrement est la phase o\u00f9 se fait l&rsquo;acquisition des parties audio. Phase relativement courte, mais pouvant s&rsquo;\u00e9taler dans le temps, histoire de prendre le recul n\u00e9cessaire pour bien faire les choses&#8230;<\/li>\n<\/ul>\n<ul>\n<li><a href=\"http:\/\/stud-du-sud.com\/wordpress\/?page_id=321\">Post-Production <\/a>La phase de Post-Production permet d&rsquo;affiner l&rsquo;orientation prise depuis la Pr\u00e9-Production, compl\u00e9ter les arrangements et les enregistrements avec des nouvelles parties, ou au contraire d&rsquo;en supprimer certaines&#8230;<\/li>\n<\/ul>\n<ul>\n<li><a href=\"http:\/\/stud-du-sud.com\/wordpress\/?page_id=323\">Mixage <\/a>Le Mixage est le moment o\u00f9 l&rsquo;Ing\u00e9nieur du Son colle encore sa signature au projet, en revoyant toutes les choses effectu\u00e9es jusque l\u00e0 et donnant un \u00ab\u00a0son\u00a0\u00bb final au projet, une dynamique ou une couleur&#8230;<\/li>\n<\/ul>\n<p>Il y a une autre phase, tout aussi n\u00e9cessaire dans la processus de fabrication d&rsquo;un bel album : le Mastering. Cette phase permet de mettre tous les titres au m\u00eame volume sonore, s&rsquo;assurer que le son des titres sera homog\u00e8ne quel que soit le support utilis\u00e9 pour lire le CD final, et corriger \/ renforcer l\u00e9g\u00e8rement le Mixage&#8230;<\/p>\n<p>Nous laissons le soin de masteriser nos productions aux sp\u00e9cialistes et professionnels du Mastering&#8230;<\/p>\n<p><img loading=\"lazy\" decoding=\"async\" class=\"alignnone wp-image-1372 size-full\" src=\"http:\/\/stud-du-sud.com\/wordpress\/wp-content\/uploads\/2018\/04\/S.Montesinos-0240.jpg\" alt=\"\" width=\"4562\" height=\"2566\" srcset=\"http:\/\/stud-du-sud.com\/wordpress\/wp-content\/uploads\/2018\/04\/S.Montesinos-0240.jpg 4562w, http:\/\/stud-du-sud.com\/wordpress\/wp-content\/uploads\/2018\/04\/S.Montesinos-0240-300x169.jpg 300w, http:\/\/stud-du-sud.com\/wordpress\/wp-content\/uploads\/2018\/04\/S.Montesinos-0240-768x432.jpg 768w, http:\/\/stud-du-sud.com\/wordpress\/wp-content\/uploads\/2018\/04\/S.Montesinos-0240-1024x576.jpg 1024w\" sizes=\"auto, (max-width: 4562px) 100vw, 4562px\" \/><\/p>\n","protected":false},"excerpt":{"rendered":"<p>Prestations Voici les prestations que nous proposons : Pr\u00e9-Production La Pr\u00e9-production est la phase d&rsquo;\u00e9criture, r\u00e9p\u00e9tition, d\u00e9cision sur le tempo, les arrangements, d&rsquo;\u00e9ventuels premiers enregistrements&#8230; Enregistrement L&rsquo;enregistrement est la phase o\u00f9 se fait l&rsquo;acquisition des parties audio. Phase relativement courte, mais pouvant s&rsquo;\u00e9taler dans le temps, histoire de prendre le recul n\u00e9cessaire pour bien faire [&hellip;]<\/p>\n","protected":false},"author":1,"featured_media":0,"parent":7,"menu_order":0,"comment_status":"closed","ping_status":"closed","template":"","meta":{"footnotes":""},"class_list":["post-296","page","type-page","status-publish","hentry"],"_links":{"self":[{"href":"http:\/\/stud-du-sud.com\/wordpress\/index.php?rest_route=\/wp\/v2\/pages\/296","targetHints":{"allow":["GET"]}}],"collection":[{"href":"http:\/\/stud-du-sud.com\/wordpress\/index.php?rest_route=\/wp\/v2\/pages"}],"about":[{"href":"http:\/\/stud-du-sud.com\/wordpress\/index.php?rest_route=\/wp\/v2\/types\/page"}],"author":[{"embeddable":true,"href":"http:\/\/stud-du-sud.com\/wordpress\/index.php?rest_route=\/wp\/v2\/users\/1"}],"replies":[{"embeddable":true,"href":"http:\/\/stud-du-sud.com\/wordpress\/index.php?rest_route=%2Fwp%2Fv2%2Fcomments&post=296"}],"version-history":[{"count":13,"href":"http:\/\/stud-du-sud.com\/wordpress\/index.php?rest_route=\/wp\/v2\/pages\/296\/revisions"}],"predecessor-version":[{"id":1441,"href":"http:\/\/stud-du-sud.com\/wordpress\/index.php?rest_route=\/wp\/v2\/pages\/296\/revisions\/1441"}],"up":[{"embeddable":true,"href":"http:\/\/stud-du-sud.com\/wordpress\/index.php?rest_route=\/wp\/v2\/pages\/7"}],"wp:attachment":[{"href":"http:\/\/stud-du-sud.com\/wordpress\/index.php?rest_route=%2Fwp%2Fv2%2Fmedia&parent=296"}],"curies":[{"name":"wp","href":"https:\/\/api.w.org\/{rel}","templated":true}]}}